{"id":539,"date":"2021-11-29T12:07:42","date_gmt":"2021-11-29T11:07:42","guid":{"rendered":"http:\/\/bombuy.net\/politica-de-cookies\/"},"modified":"2022-07-15T08:32:32","modified_gmt":"2022-07-15T07:32:32","slug":"politica-de-cookies","status":"publish","type":"page","link":"https:\/\/bombuy.net\/es\/politica-de-cookies\/","title":{"rendered":"Pol\u00edtica de cookies"},"content":{"rendered":"\n\n<div id=\"page-top-block_61a8bf3b7476b\" class=\"page-top-block mb-14 md:mb-20\">\n\t\t\t\n\t\n\t<div class=\"relative\">\n\n\t\t<div class=\"py-14 md:py-24 bg-brand text-off-white\">\n\t\t\t\n\t\t\t<div class=\"container\">\n\n\t\t\t\t<div class=\"md:w-1\/2 md:pr-20 xl:pr-30 md:flex md:flex-col md:justify-between h-full\">\n\t\t\t\t\t\n\t\t\t\t\t<div>\n\n\t\t\t\t\t\t\n\t\t\t\t\t\t<h1 class=\"h1 mb-0 font-medium\">Pol\u00edtica de cookies<\/h1>\n\n\t\t\t\t\t<\/div>\n\n\t\t\t\t<\/div>\n\n\t\t\t<\/div>\t\t\t\n\n\t\t<\/div>\n\n\t\t<div class=\"md:absolute top-0 right-0 z-1 w-full pointer-events-none js-block-min-height\">\n\t\t\t\n\t\t\t<div class=\"md:px-20 xl:px-30 md:flex justify-end container\">\n\t\t\t\t\n\t\t\t\t<div class=\"md:w-5\/12\">\n\n\t\t\t\t\t<img decoding=\"async\" class=\"block border\" src=\"https:\/\/bombuy.net\/wp-content\/uploads\/2022\/01\/BOMBUY-COVER-IMG-02.jpg\" alt=\"\">\n\n\t\t\t\t\t<div class=\"hidden md:block pt-20\">\n\t\t\t\t\n\t\t\t\t\t\t\t\t\t\t\t\n\t\t\t\t\t<\/div>\n\n\t\t\t\t<\/div>\n\n\t\t\t<\/div>\n\n\n\n\t\t<\/div>\n\n\t<\/div>\n\n<\/div>\n\n\n\n\n<div class=\"is-layout-flex wp-container-3 wp-block-columns\">\n<div class=\"is-layout-flow wp-block-column\">\n<p>En virtud de lo que dispone el Real Decreto- ley 13\/2012 que modifica la Ley 34\/2002, de 11 de julio, de servicios de la sociedad de la informaci\u00f3n y de correo electr\u00f3nico,\u00a0BOMBUY ADVOCATS I ASSOCIATS, S.L.P le informa del uso de las cookies en su sitio web a efectos de recabar su consentimiento<\/p>\n\n\n\n<h2>Definici\u00f3n y funci\u00f3n de las cookies<\/h2>\n\n\n\n<p>Las cookies son ficheros de informaci\u00f3n que se descargan en el dispositivo al acceder a determinadas p\u00e1ginas web. Las cookies, entre otras cosas, permiten comparar y entender c\u00f3mo los usuarios navegan mediante la p\u00e1gina web y, de este modo, poder mejorar el proceso de navegaci\u00f3n.<\/p>\n\n\n\n<h2>Tipos de cookies que utiliza esta p\u00e1gina web<\/h2>\n\n\n\n<p>La p\u00e1gina web de\u00a0BOMBUY\u00a0ADVOCATS I ASSOCIATS, S.L.P utiliza Google\u00a0Analytics, una herramienta de an\u00e1lisis web desarrollado por Google, que permite, entre otras cosas, almacenar y retener informaci\u00f3n sobre los h\u00e1bitos de navegaci\u00f3n de los usuarios o de sus dispositivos y, dependiendo de la informaci\u00f3n en ellos contenida y del uso que est\u00e9n haciendo de los dispositivos, pueden ser utilizadas para reconocer el usuario.<\/p>\n\n\n\n<p>Puedes encontrar m\u00e1s informaci\u00f3n al respecto en: <\/p>\n\n\n\n<p><a href=\"https:\/\/developers.google.com\/analytics\/devguides\/collection\/analyticsjs\/cookie-usage\">https:\/\/developers.google.com\/analytics\/devguides\/collection\/analyticsjs\/cookie-usage<\/a><\/p>\n\n\n\n<h2>Eliminaci\u00f3n de las cookies<\/h2>\n\n\n\n<p>Puede decidir sobre la implantaci\u00f3n o no en su disco duro de las cookies, as\u00ed como de su eliminaci\u00f3n, siguiendo el procedimiento establecido en la secci\u00f3n de ayuda de su\u00a0buscador. Igualmente, puede configurar su\u00a0buscador\u00a0para aceptar o rechazar por defecto todas las cookies o para recibir un aviso en la pantalla de recepci\u00f3n de cada\u00a0cookie. A continuaci\u00f3n, puede encontrar informaci\u00f3n sobre c\u00f3mo gestionar el uso de las cookies dependiendo del navegador utilizado:<\/p>\n\n\n\n<ul><li>Internet Explorer:&nbsp;<a href=\"http:\/\/windows.microsoft.com\/es-xl\/internet-explorer\/delete-manage-cookies#ie=ie-10\">http:\/\/windows.microsoft.com\/es-xl\/internet-explorer\/delete-manage-cookies#ie=ie-10<\/a><\/li><li>Safari:&nbsp;<a href=\"http:\/\/www.apple.com\/es\/privacy\/use-of-cookies\/\">http:\/\/www.apple.com\/es\/privacy\/use-of-cookies\/<\/a><\/li><li>FireFox:&nbsp;<a href=\"http:\/\/support.mozilla.org\/es\/kb\/Borrar%20cookies\">http:\/\/support.mozilla.org\/es\/kb\/Borrar%20cookies<\/a><\/li><li>Microsoft Edge: <a href=\"https:\/\/privacy.microsoft.com\/es-es\/windows-10-microsoft-edge-and-privacy\" target=\"_blank\" rel=\"noreferrer noopener\">https:\/\/privacy.microsoft.com\/es-es\/windows-10-microsoft-edge-and-privacy<\/a><\/li><li>Chrome:&nbsp;<a href=\"https:\/\/support.google.com\/chrome\/answer\/95647\">https:\/\/support.google.com\/chrome\/answer\/95647<\/a><\/li><\/ul>\n\n\n\n<div style=\"height:100px\" aria-hidden=\"true\" class=\"wp-block-spacer\"><\/div>\n<\/div>\n\n\n\n<div class=\"is-layout-flow wp-block-column\"><\/div>\n<\/div>\n","protected":false},"excerpt":{"rendered":"<p>En virtud de lo que dispone el Real Decreto- ley 13\/2012 que modifica la Ley 34\/2002, de 11 de julio, de servicios de la sociedad de la informaci\u00f3n y de correo electr\u00f3nico,\u00a0BOMBUY ADVOCATS I ASSOCIATS, S.L.P le informa del uso de las cookies en su sitio web a efectos de recabar su consentimiento Definici\u00f3n y&nbsp; <a href=\"https:\/\/bombuy.net\/es\/politica-de-cookies\/\">&hellip; Read more <i class=\"glyphicon glyphicon-arrow-right\"><\/i><\/a><\/p>\n","protected":false},"author":1,"featured_media":0,"parent":0,"menu_order":99,"comment_status":"closed","ping_status":"closed","template":"","meta":[],"page_tag":[],"acf":[],"yoast_head":"<!-- This site is optimized with the Yoast SEO plugin v21.1 - https:\/\/yoast.com\/wordpress\/plugins\/seo\/ -->\n<title>Pol\u00edtica de cookies - Bombuy\/AAC<\/title>\n<meta name=\"robots\" content=\"index, follow, max-snippet:-1, max-image-preview:large, max-video-preview:-1\" \/>\n<link rel=\"canonical\" href=\"https:\/\/bombuy.net\/es\/politica-de-cookies\/\" \/>\n<meta property=\"og:locale\" content=\"es_ES\" \/>\n<meta property=\"og:type\" content=\"article\" \/>\n<meta property=\"og:title\" content=\"Pol\u00edtica de cookies - Bombuy\/AAC\" \/>\n<meta property=\"og:description\" content=\"En virtud de lo que dispone el Real Decreto- ley 13\/2012 que modifica la Ley 34\/2002, de 11 de julio, de servicios de la sociedad de la informaci\u00f3n y de correo electr\u00f3nico,\u00a0BOMBUY ADVOCATS I ASSOCIATS, S.L.P le informa del uso de las cookies en su sitio web a efectos de recabar su consentimiento Definici\u00f3n y&nbsp; &hellip; Read more\" \/>\n<meta property=\"og:url\" content=\"https:\/\/bombuy.net\/es\/politica-de-cookies\/\" \/>\n<meta property=\"og:site_name\" content=\"Bombuy\/AAC\" \/>\n<meta property=\"article:modified_time\" content=\"2022-07-15T07:32:32+00:00\" \/>\n<meta name=\"twitter:card\" content=\"summary_large_image\" \/>\n<meta name=\"twitter:label1\" content=\"Tiempo de lectura\" \/>\n\t<meta name=\"twitter:data1\" content=\"2 minutos\" \/>\n<script type=\"application\/ld+json\" class=\"yoast-schema-graph\">{\"@context\":\"https:\/\/schema.org\",\"@graph\":[{\"@type\":\"WebPage\",\"@id\":\"https:\/\/bombuy.net\/es\/politica-de-cookies\/\",\"url\":\"https:\/\/bombuy.net\/es\/politica-de-cookies\/\",\"name\":\"Pol\u00edtica de cookies - Bombuy\/AAC\",\"isPartOf\":{\"@id\":\"https:\/\/bombuy.net\/es\/#website\"},\"datePublished\":\"2021-11-29T11:07:42+00:00\",\"dateModified\":\"2022-07-15T07:32:32+00:00\",\"breadcrumb\":{\"@id\":\"https:\/\/bombuy.net\/es\/politica-de-cookies\/#breadcrumb\"},\"inLanguage\":\"es\",\"potentialAction\":[{\"@type\":\"ReadAction\",\"target\":[\"https:\/\/bombuy.net\/es\/politica-de-cookies\/\"]}]},{\"@type\":\"BreadcrumbList\",\"@id\":\"https:\/\/bombuy.net\/es\/politica-de-cookies\/#breadcrumb\",\"itemListElement\":[{\"@type\":\"ListItem\",\"position\":1,\"name\":\"Inici\",\"item\":\"https:\/\/bombuy.net\/es\/\"},{\"@type\":\"ListItem\",\"position\":2,\"name\":\"Pol\u00edtica de cookies\"}]},{\"@type\":\"WebSite\",\"@id\":\"https:\/\/bombuy.net\/es\/#website\",\"url\":\"https:\/\/bombuy.net\/es\/\",\"name\":\"Bombuy\/AAC\",\"description\":\"Advocats \u2014 Assessors \u2014 Consultors\",\"potentialAction\":[{\"@type\":\"SearchAction\",\"target\":{\"@type\":\"EntryPoint\",\"urlTemplate\":\"https:\/\/bombuy.net\/es\/?s={search_term_string}\"},\"query-input\":\"required name=search_term_string\"}],\"inLanguage\":\"es\"}]}<\/script>\n<!-- \/ Yoast SEO plugin. -->","yoast_head_json":{"title":"Pol\u00edtica de cookies - Bombuy\/AAC","robots":{"index":"index","follow":"follow","max-snippet":"max-snippet:-1","max-image-preview":"max-image-preview:large","max-video-preview":"max-video-preview:-1"},"canonical":"https:\/\/bombuy.net\/es\/politica-de-cookies\/","og_locale":"es_ES","og_type":"article","og_title":"Pol\u00edtica de cookies - Bombuy\/AAC","og_description":"En virtud de lo que dispone el Real Decreto- ley 13\/2012 que modifica la Ley 34\/2002, de 11 de julio, de servicios de la sociedad de la informaci\u00f3n y de correo electr\u00f3nico,\u00a0BOMBUY ADVOCATS I ASSOCIATS, S.L.P le informa del uso de las cookies en su sitio web a efectos de recabar su consentimiento Definici\u00f3n y&nbsp; &hellip; Read more","og_url":"https:\/\/bombuy.net\/es\/politica-de-cookies\/","og_site_name":"Bombuy\/AAC","article_modified_time":"2022-07-15T07:32:32+00:00","twitter_card":"summary_large_image","twitter_misc":{"Tiempo de lectura":"2 minutos"},"schema":{"@context":"https:\/\/schema.org","@graph":[{"@type":"WebPage","@id":"https:\/\/bombuy.net\/es\/politica-de-cookies\/","url":"https:\/\/bombuy.net\/es\/politica-de-cookies\/","name":"Pol\u00edtica de cookies - Bombuy\/AAC","isPartOf":{"@id":"https:\/\/bombuy.net\/es\/#website"},"datePublished":"2021-11-29T11:07:42+00:00","dateModified":"2022-07-15T07:32:32+00:00","breadcrumb":{"@id":"https:\/\/bombuy.net\/es\/politica-de-cookies\/#breadcrumb"},"inLanguage":"es","potentialAction":[{"@type":"ReadAction","target":["https:\/\/bombuy.net\/es\/politica-de-cookies\/"]}]},{"@type":"BreadcrumbList","@id":"https:\/\/bombuy.net\/es\/politica-de-cookies\/#breadcrumb","itemListElement":[{"@type":"ListItem","position":1,"name":"Inici","item":"https:\/\/bombuy.net\/es\/"},{"@type":"ListItem","position":2,"name":"Pol\u00edtica de cookies"}]},{"@type":"WebSite","@id":"https:\/\/bombuy.net\/es\/#website","url":"https:\/\/bombuy.net\/es\/","name":"Bombuy\/AAC","description":"Advocats \u2014 Assessors \u2014 Consultors","potentialAction":[{"@type":"SearchAction","target":{"@type":"EntryPoint","urlTemplate":"https:\/\/bombuy.net\/es\/?s={search_term_string}"},"query-input":"required name=search_term_string"}],"inLanguage":"es"}]}},"_links":{"self":[{"href":"https:\/\/bombuy.net\/es\/wp-json\/wp\/v2\/pages\/539"}],"collection":[{"href":"https:\/\/bombuy.net\/es\/wp-json\/wp\/v2\/pages"}],"about":[{"href":"https:\/\/bombuy.net\/es\/wp-json\/wp\/v2\/types\/page"}],"author":[{"embeddable":true,"href":"https:\/\/bombuy.net\/es\/wp-json\/wp\/v2\/users\/1"}],"replies":[{"embeddable":true,"href":"https:\/\/bombuy.net\/es\/wp-json\/wp\/v2\/comments?post=539"}],"version-history":[{"count":2,"href":"https:\/\/bombuy.net\/es\/wp-json\/wp\/v2\/pages\/539\/revisions"}],"predecessor-version":[{"id":663,"href":"https:\/\/bombuy.net\/es\/wp-json\/wp\/v2\/pages\/539\/revisions\/663"}],"wp:attachment":[{"href":"https:\/\/bombuy.net\/es\/wp-json\/wp\/v2\/media?parent=539"}],"wp:term":[{"taxonomy":"page_tag","embeddable":true,"href":"https:\/\/bombuy.net\/es\/wp-json\/wp\/v2\/page_tag?post=539"}],"curies":[{"name":"wp","href":"https:\/\/api.w.org\/{rel}","templated":true}]}}