{"id":536,"date":"2021-11-29T12:06:46","date_gmt":"2021-11-29T11:06:46","guid":{"rendered":"http:\/\/bombuy.net\/equip\/"},"modified":"2022-04-28T11:43:53","modified_gmt":"2022-04-28T10:43:53","slug":"equipo","status":"publish","type":"page","link":"https:\/\/bombuy.net\/es\/equipo\/","title":{"rendered":"Nuestro equipo"},"content":{"rendered":"\n\n<div id=\"page-top-block_61a8c193f9501\" class=\"page-top-block mb-14 md:mb-20\">\n\t\t\t\n\t\n\t<div class=\"relative\">\n\n\t\t<div class=\"py-14 md:py-24 bg-brand text-off-white\">\n\t\t\t\n\t\t\t<div class=\"container\">\n\n\t\t\t\t<div class=\"md:w-1\/2 md:pr-20 xl:pr-30 md:flex md:flex-col md:justify-between h-full\">\n\t\t\t\t\t\n\t\t\t\t\t<div>\n\n\t\t\t\t\t\t\n\t\t\t\t\t\t<h1 class=\"h1 mb-0 font-medium\">Nuestro equipo<\/h1>\n\n\t\t\t\t\t<\/div>\n\n\t\t\t\t<\/div>\n\n\t\t\t<\/div>\t\t\t\n\n\t\t<\/div>\n\n\t\t<div class=\"md:absolute top-0 right-0 z-1 w-full pointer-events-none js-block-min-height\">\n\t\t\t\n\t\t\t<div class=\"md:px-20 xl:px-30 md:flex justify-end container\">\n\t\t\t\t\n\t\t\t\t<div class=\"md:w-5\/12\">\n\n\t\t\t\t\t<img decoding=\"async\" class=\"block border\" src=\"https:\/\/bombuy.net\/wp-content\/uploads\/2022\/01\/BOMBUY-COVER-IMG-03.jpg\" alt=\"\">\n\n\t\t\t\t\t<div class=\"hidden md:block pt-20\">\n\t\t\t\t\n\t\t\t\t\t\t\t\t\t\t\t\n\t\t\t\t\t<\/div>\n\n\t\t\t\t<\/div>\n\n\t\t\t<\/div>\n\n\n\n\t\t<\/div>\n\n\t<\/div>\n\n<\/div>\n\n\n\n\n<div class=\"is-layout-flex wp-container-3 wp-block-columns\">\n<div class=\"is-layout-flow wp-block-column\">\n<p>Nuestro Despacho profesional est\u00e1 integrado por un colectivo de profesionales vinculados al mundo del Derecho y de la Empresa.<\/p>\n\n\n\n<p><strong>Josep Maria Bombuy<\/strong>, director, abogado con m\u00e1s de 25 a\u00f1os de ejercicio, tiene una larga experiencia profesional en diferentes ramas del Derecho y del asesoramiento de empresa. Vinculado profesionalmente en despachos especializados en litigios mercantiles, civiles y penales, as\u00ed como al sector de asesor\u00eda de empresas.<\/p>\n\n\n\n<p><strong>Ester Aguilar<\/strong>, diplomada en relaciones laborales, es responsable de la tramitaci\u00f3n y el seguimiento de los procedimientos extrajudiciales abiertos ante las administraciones (AEAT, TGSS, GENCAT, Ajuntaments, etc), particulares y aseguradoras. Vinculada a la asesor\u00eda laboral y fiscal de la empresa con amplia experiencia.<\/p>\n\n\n\n<p><strong>Marta Llobet<\/strong>, abogada con larga experiencia en litigios, est\u00e1 especializada en reclamaciones civiles, derecho de familia, derecho penal y violencia de g\u00e9nero.<\/p>\n\n\n\n<p><strong>Patricia Zaguirre<\/strong>, abogada especializada en Derecho laboral, tiene una ampl\u00edsima formaci\u00f3n en materia laboral y seguridad social, inspecci\u00f3n de trabajo y siniestralidad laboral.<\/p>\n\n\n\n<p><strong>Laia Maeso<\/strong>, abogada, especializada en procedimientos civiles, tanto judiciales como extrajudiciales. Tramitaciones en materia sucesoria.<\/p>\n\n\n\n<p><strong>Pol Hervias<\/strong>, abogado, integrado en los departamentos laboral y civil del Despacho. Especialista en segunda oportunidad.<\/p>\n<\/div>\n\n\n\n<div class=\"is-layout-flow wp-block-column\"><\/div>\n<\/div>\n\n\n\n<figure class=\"wp-block-image size-full\"><img decoding=\"async\" loading=\"lazy\" width=\"1920\" height=\"600\" src=\"http:\/\/bombuy.net\/wp-content\/uploads\/2022\/01\/BOMBUY-HIGHLIGHTS-IMG-03.jpg\" alt=\"\" class=\"wp-image-271\" srcset=\"https:\/\/bombuy.net\/wp-content\/uploads\/2022\/01\/BOMBUY-HIGHLIGHTS-IMG-03.jpg 1920w, https:\/\/bombuy.net\/wp-content\/uploads\/2022\/01\/BOMBUY-HIGHLIGHTS-IMG-03-1280x400.jpg 1280w, https:\/\/bombuy.net\/wp-content\/uploads\/2022\/01\/BOMBUY-HIGHLIGHTS-IMG-03-768x240.jpg 768w, https:\/\/bombuy.net\/wp-content\/uploads\/2022\/01\/BOMBUY-HIGHLIGHTS-IMG-03-1536x480.jpg 1536w\" sizes=\"(max-width: 1920px) 100vw, 1920px\" \/><\/figure>\n\n\n\n<div class=\"is-layout-flow wp-block-group has-bombuy-white-color has-bombuy-black-background-color has-text-color has-background\"><div class=\"wp-block-group__inner-container\">\n<div class=\"is-layout-flex wp-container-6 wp-block-columns\">\n<div class=\"is-layout-flow wp-block-column\">\n<h4 id=\"un-equip-compromes\">Un equipo comprometido<\/h4>\n<\/div>\n\n\n\n<div class=\"is-layout-flow wp-block-column\">\n<hr class=\"wp-block-separator\"\/>\n<\/div>\n<\/div>\n\n\n\n\n<div id=\"members-block_61a9e048289c3\" class=\"members-block relative overflow-auto lg:overflow-visible scrollbar-hidden js-members-block bg-brand w-full\">\n\t\t\n\t\t\n\t\t\t<div class=\"absolute top-0 left-0 lg:hidden\">\n\n\t\t\t\t<ul class=\"members-list flex lg:block -ml-3 mr-5\">\n\t\t\t\t\t\n\t\t\t\t\t\n\t\t\t\t\t\t\n\n<li class=\"ml-8 member bg-off-white text-brand\">\n\t\n\t<div class=\"entry-thumb ratio-118 border border-off-white\">\n\n    \t<div class=\"entry-thumb-background\">\n    \t\t\n    \t\t<div class=\"background-image\" style=\"background-image:url(https:\/\/bombuy.net\/wp-content\/uploads\/2022\/01\/bombuy-advocats-equip-josep.jpg);\"><\/div>\n\n    \t<\/div>\n\n    <\/div>\n\n    <div class=\"card p-4\">\n    \t\n    \t<h5 class=\"text-lg font-bold mb-2\">Josep Maria Bombuy Gim\u00e9nez<\/h5>\n\n    \t<div class=\"mb-2 text-sm\">Abogado<\/div>\n\n    \t<a class=\"text-sm block underline\" href=\"mailto:josep@bombuy.net\" target=\"_blank\">josep@bombuy.net<\/a>\n\n    <\/div>\t\n\n<\/li>\n\t\t\t\t\t\n\t\t\t\t\t\t\n\n<li class=\"ml-8 member bg-off-white text-brand\">\n\t\n\t<div class=\"entry-thumb ratio-118 border border-off-white\">\n\n    \t<div class=\"entry-thumb-background\">\n    \t\t\n    \t\t<div class=\"background-image\" style=\"background-image:url(https:\/\/bombuy.net\/wp-content\/uploads\/2022\/01\/bombuy-advocats-equip-Ester.jpg);\"><\/div>\n\n    \t<\/div>\n\n    <\/div>\n\n    <div class=\"card p-4\">\n    \t\n    \t<h5 class=\"text-lg font-bold mb-2\">Ester Aguilar Matar\u00edn<\/h5>\n\n    \t<div class=\"mb-2 text-sm\">Diplomada en relaciones laborales<\/div>\n\n    \t<a class=\"text-sm block underline\" href=\"mailto:ester@bombuy.net\" target=\"_blank\">ester@bombuy.net<\/a>\n\n    <\/div>\t\n\n<\/li>\n\t\t\t\t\t\n\t\t\t\t\t\t\n\n<li class=\"ml-8 member bg-off-white text-brand\">\n\t\n\t<div class=\"entry-thumb ratio-118 border border-off-white\">\n\n    \t<div class=\"entry-thumb-background\">\n    \t\t\n    \t\t<div class=\"background-image\" style=\"background-image:url(https:\/\/bombuy.net\/wp-content\/uploads\/2022\/01\/bombuy-advocats-equip-marta.jpg);\"><\/div>\n\n    \t<\/div>\n\n    <\/div>\n\n    <div class=\"card p-4\">\n    \t\n    \t<h5 class=\"text-lg font-bold mb-2\">Marta Llobet P\u00e9rez<\/h5>\n\n    \t<div class=\"mb-2 text-sm\">Abogada<\/div>\n\n    \t<a class=\"text-sm block underline\" href=\"mailto:marta@bombuy.net\" target=\"_blank\">marta@bombuy.net<\/a>\n\n    <\/div>\t\n\n<\/li>\n\t\t\t\t\t\n\t\t\t\t\t\t\n\n<li class=\"ml-8 member bg-off-white text-brand\">\n\t\n\t<div class=\"entry-thumb ratio-118 border border-off-white\">\n\n    \t<div class=\"entry-thumb-background\">\n    \t\t\n    \t\t<div class=\"background-image\" style=\"background-image:url(https:\/\/bombuy.net\/wp-content\/uploads\/2022\/01\/bombuy-advocats-equip-patri.png);\"><\/div>\n\n    \t<\/div>\n\n    <\/div>\n\n    <div class=\"card p-4\">\n    \t\n    \t<h5 class=\"text-lg font-bold mb-2\">Patricia Zaguirre Cano<\/h5>\n\n    \t<div class=\"mb-2 text-sm\">Abogada<\/div>\n\n    \t<a class=\"text-sm block underline\" href=\"mailto:patri.zaguirre@bombuy.net\" target=\"_blank\">patri.zaguirre@bombuy.net<\/a>\n\n    <\/div>\t\n\n<\/li>\n\t\t\t\t\t\n\t\t\t\t\t\t\n\n<li class=\"ml-8 member bg-off-white text-brand\">\n\t\n\t<div class=\"entry-thumb ratio-118 border border-off-white\">\n\n    \t<div class=\"entry-thumb-background\">\n    \t\t\n    \t\t<div class=\"background-image\" style=\"background-image:url(https:\/\/bombuy.net\/wp-content\/uploads\/2022\/02\/pol-2-1280x1920.jpg);\"><\/div>\n\n    \t<\/div>\n\n    <\/div>\n\n    <div class=\"card p-4\">\n    \t\n    \t<h5 class=\"text-lg font-bold mb-2\">Pol Hervias Ferrer<\/h5>\n\n    \t<div class=\"mb-2 text-sm\">Abogado<\/div>\n\n    \t<a class=\"text-sm block underline\" href=\"mailto:pol.hervias@bombuy.net\" target=\"_blank\">pol.hervias@bombuy.net<\/a>\n\n    <\/div>\t\n\n<\/li>\n\t\t\t\t\t\n\t\t\t\t\t\t\n\n<li class=\"ml-8 member bg-off-white text-brand\">\n\t\n\t<div class=\"entry-thumb ratio-118 border border-off-white\">\n\n    \t<div class=\"entry-thumb-background\">\n    \t\t\n    \t\t<div class=\"background-image\" style=\"background-image:url(https:\/\/bombuy.net\/wp-content\/uploads\/2022\/02\/laia-1-1280x1920.jpg);\"><\/div>\n\n    \t<\/div>\n\n    <\/div>\n\n    <div class=\"card p-4\">\n    \t\n    \t<h5 class=\"text-lg font-bold mb-2\">Laia Maeso Sellar\u00e8s<\/h5>\n\n    \t<div class=\"mb-2 text-sm\">Abogada<\/div>\n\n    \t<a class=\"text-sm block underline\" href=\"mailto:laia.maeso@bombuy.net\" target=\"_blank\">laia.maeso@bombuy.net<\/a>\n\n    <\/div>\t\n\n<\/li>\n\t\t\t\t\t\n\t\t\t\t<\/ul>\n\n\t\t\t<\/div>\n\n\t\t\n\t\t\n\t\t\t<div class=\"members-carousel white-arrows w-full hidden lg:block\">\n\t\t\t\t\n\t\t\t\t\n\t\t\t\t\t\n\n<li class=\"ml-8 member bg-off-white text-brand\">\n\t\n\t<div class=\"entry-thumb ratio-118 border border-off-white\">\n\n    \t<div class=\"entry-thumb-background\">\n    \t\t\n    \t\t<div class=\"background-image\" style=\"background-image:url(https:\/\/bombuy.net\/wp-content\/uploads\/2022\/01\/bombuy-advocats-equip-josep.jpg);\"><\/div>\n\n    \t<\/div>\n\n    <\/div>\n\n    <div class=\"card p-4\">\n    \t\n    \t<h5 class=\"text-lg font-bold mb-2\">Josep Maria Bombuy Gim\u00e9nez<\/h5>\n\n    \t<div class=\"mb-2 text-sm\">Abogado<\/div>\n\n    \t<a class=\"text-sm block underline\" href=\"mailto:josep@bombuy.net\" target=\"_blank\">josep@bombuy.net<\/a>\n\n    <\/div>\t\n\n<\/li>\t\t\t\t\t\n\n\t\t\t\t\n\t\t\t\t\t\n\n<li class=\"ml-8 member bg-off-white text-brand\">\n\t\n\t<div class=\"entry-thumb ratio-118 border border-off-white\">\n\n    \t<div class=\"entry-thumb-background\">\n    \t\t\n    \t\t<div class=\"background-image\" style=\"background-image:url(https:\/\/bombuy.net\/wp-content\/uploads\/2022\/01\/bombuy-advocats-equip-Ester.jpg);\"><\/div>\n\n    \t<\/div>\n\n    <\/div>\n\n    <div class=\"card p-4\">\n    \t\n    \t<h5 class=\"text-lg font-bold mb-2\">Ester Aguilar Matar\u00edn<\/h5>\n\n    \t<div class=\"mb-2 text-sm\">Diplomada en relaciones laborales<\/div>\n\n    \t<a class=\"text-sm block underline\" href=\"mailto:ester@bombuy.net\" target=\"_blank\">ester@bombuy.net<\/a>\n\n    <\/div>\t\n\n<\/li>\t\t\t\t\t\n\n\t\t\t\t\n\t\t\t\t\t\n\n<li class=\"ml-8 member bg-off-white text-brand\">\n\t\n\t<div class=\"entry-thumb ratio-118 border border-off-white\">\n\n    \t<div class=\"entry-thumb-background\">\n    \t\t\n    \t\t<div class=\"background-image\" style=\"background-image:url(https:\/\/bombuy.net\/wp-content\/uploads\/2022\/01\/bombuy-advocats-equip-marta.jpg);\"><\/div>\n\n    \t<\/div>\n\n    <\/div>\n\n    <div class=\"card p-4\">\n    \t\n    \t<h5 class=\"text-lg font-bold mb-2\">Marta Llobet P\u00e9rez<\/h5>\n\n    \t<div class=\"mb-2 text-sm\">Abogada<\/div>\n\n    \t<a class=\"text-sm block underline\" href=\"mailto:marta@bombuy.net\" target=\"_blank\">marta@bombuy.net<\/a>\n\n    <\/div>\t\n\n<\/li>\t\t\t\t\t\n\n\t\t\t\t\n\t\t\t\t\t\n\n<li class=\"ml-8 member bg-off-white text-brand\">\n\t\n\t<div class=\"entry-thumb ratio-118 border border-off-white\">\n\n    \t<div class=\"entry-thumb-background\">\n    \t\t\n    \t\t<div class=\"background-image\" style=\"background-image:url(https:\/\/bombuy.net\/wp-content\/uploads\/2022\/01\/bombuy-advocats-equip-patri.png);\"><\/div>\n\n    \t<\/div>\n\n    <\/div>\n\n    <div class=\"card p-4\">\n    \t\n    \t<h5 class=\"text-lg font-bold mb-2\">Patricia Zaguirre Cano<\/h5>\n\n    \t<div class=\"mb-2 text-sm\">Abogada<\/div>\n\n    \t<a class=\"text-sm block underline\" href=\"mailto:patri.zaguirre@bombuy.net\" target=\"_blank\">patri.zaguirre@bombuy.net<\/a>\n\n    <\/div>\t\n\n<\/li>\t\t\t\t\t\n\n\t\t\t\t\n\t\t\t\t\t\n\n<li class=\"ml-8 member bg-off-white text-brand\">\n\t\n\t<div class=\"entry-thumb ratio-118 border border-off-white\">\n\n    \t<div class=\"entry-thumb-background\">\n    \t\t\n    \t\t<div class=\"background-image\" style=\"background-image:url(https:\/\/bombuy.net\/wp-content\/uploads\/2022\/02\/pol-2-1280x1920.jpg);\"><\/div>\n\n    \t<\/div>\n\n    <\/div>\n\n    <div class=\"card p-4\">\n    \t\n    \t<h5 class=\"text-lg font-bold mb-2\">Pol Hervias Ferrer<\/h5>\n\n    \t<div class=\"mb-2 text-sm\">Abogado<\/div>\n\n    \t<a class=\"text-sm block underline\" href=\"mailto:pol.hervias@bombuy.net\" target=\"_blank\">pol.hervias@bombuy.net<\/a>\n\n    <\/div>\t\n\n<\/li>\t\t\t\t\t\n\n\t\t\t\t\n\t\t\t\t\t\n\n<li class=\"ml-8 member bg-off-white text-brand\">\n\t\n\t<div class=\"entry-thumb ratio-118 border border-off-white\">\n\n    \t<div class=\"entry-thumb-background\">\n    \t\t\n    \t\t<div class=\"background-image\" style=\"background-image:url(https:\/\/bombuy.net\/wp-content\/uploads\/2022\/02\/laia-1-1280x1920.jpg);\"><\/div>\n\n    \t<\/div>\n\n    <\/div>\n\n    <div class=\"card p-4\">\n    \t\n    \t<h5 class=\"text-lg font-bold mb-2\">Laia Maeso Sellar\u00e8s<\/h5>\n\n    \t<div class=\"mb-2 text-sm\">Abogada<\/div>\n\n    \t<a class=\"text-sm block underline\" href=\"mailto:laia.maeso@bombuy.net\" target=\"_blank\">laia.maeso@bombuy.net<\/a>\n\n    <\/div>\t\n\n<\/li>\t\t\t\t\t\n\n\t\t\t\t\n\t\t\t<\/div>\n\n\t\t\n\n<\/div>\n\n<\/div><\/div>\n\n\n\n\n<div id=\"contact-block_61a8c278f9502\" class=\"contact-block bg-brand text-off-white pb-14\">\n\t\t\n\t<div class=\"container-2\">\n\t\t\t\n\t\t<div class=\"lg:flex justify-between items-start place-items-start\">\n\t\t\t\n\t\t\t<div>\n\n\t\t\t\t<h4 class=\"ssi text-4xl md:text-5xl mb-8 md:mb-0\">D\u00e9jese asesorar por profesionales<\/h4>\n\n\t\t\t\t<div class=\"md:flex items-start mb-8 md:mb-0\">\n\t\t\t\t\n\t\t\t\t\t<div class=\"dash mb-8 md:mb-0 lg:pt-3 lg:mr-4\"><\/div>\n\n\t\t\t\t\t<p class=\"mb-0\">Estamos a su disposici\u00f3n para ayudarle a encontrar una soluci\u00f3n<\/p>\n\n\t\t\t\t<\/div>\n\n\t\t\t<\/div>\n\n\t\t\t\n\t\t\t\t    <a class=\"button light block sm:inline-block\" href=\"http:\/\/localhost:8888\/bombuy\/contacte\/\" target=\"_self\">CONTACTE CON NOSOTROS<\/a>\n\n\t\t\t\n\t\t<\/div>\t\n\n\t<\/div>\n\n<\/div>\n\n\n\n\n\n<div style=\"height:56px\" aria-hidden=\"true\" class=\"wp-block-spacer\"><\/div>\n\n\n\n\n<div id=\"related-pages-block_61a8c2a6f9503\" class=\"related-pages-block container pb-14\">\n\t\t\n\t\t<h4 class=\"uppercase text-lg font-medium mb-12 lg:mb-14\">\n\n\t\t\tTambi\u00e9n te puede interesar\t\t\t\t\n\t\t<\/h4>\n\n\t\t\n\t\t\t<ul class=\"pages-menu border-t\">\n\t\t\t\t\n\t\t\t\t\n\n<li class=\"border-b py-14\">\n\t\n\t<a class=\"font-serif leading-none font-medium text-2xl md:text-5xl lg:text-7xl block arrow-right-after large pr-24\" href=\"https:\/\/bombuy.net\/es\/areas-de-practica\/\">\n\t\t\n\t\t\u00c1reas de pr\u00e1ctica\n\t<\/a>\n\n<\/li>\n\n\n\t\t\t<\/ul>\n\n\t\t\n<\/div>\n\n\n","protected":false},"excerpt":{"rendered":"<p>Nuestro Despacho profesional est\u00e1 integrado por un colectivo de profesionales vinculados al mundo del Derecho y de la Empresa. Josep Maria Bombuy, director, abogado con m\u00e1s de 25 a\u00f1os de ejercicio, tiene una larga experiencia profesional en diferentes ramas del Derecho y del asesoramiento de empresa. Vinculado profesionalmente en despachos especializados en litigios mercantiles, civiles&nbsp; <a href=\"https:\/\/bombuy.net\/es\/equipo\/\">&hellip; Read more <i class=\"glyphicon glyphicon-arrow-right\"><\/i><\/a><\/p>\n","protected":false},"author":1,"featured_media":0,"parent":0,"menu_order":3,"comment_status":"closed","ping_status":"closed","template":"","meta":[],"page_tag":[],"acf":[],"yoast_head":"<!-- This site is optimized with the Yoast SEO plugin v21.1 - https:\/\/yoast.com\/wordpress\/plugins\/seo\/ -->\n<title>Nuestro equipo - Bombuy\/AAC<\/title>\n<meta name=\"robots\" content=\"index, follow, max-snippet:-1, max-image-preview:large, max-video-preview:-1\" \/>\n<link rel=\"canonical\" href=\"https:\/\/bombuy.net\/es\/equipo\/\" \/>\n<meta property=\"og:locale\" content=\"es_ES\" \/>\n<meta property=\"og:type\" content=\"article\" \/>\n<meta property=\"og:title\" content=\"Nuestro equipo - Bombuy\/AAC\" \/>\n<meta property=\"og:description\" content=\"Nuestro Despacho profesional est\u00e1 integrado por un colectivo de profesionales vinculados al mundo del Derecho y de la Empresa. Josep Maria Bombuy, director, abogado con m\u00e1s de 25 a\u00f1os de ejercicio, tiene una larga experiencia profesional en diferentes ramas del Derecho y del asesoramiento de empresa. Vinculado profesionalmente en despachos especializados en litigios mercantiles, civiles&nbsp; &hellip; Read more\" \/>\n<meta property=\"og:url\" content=\"https:\/\/bombuy.net\/es\/equipo\/\" \/>\n<meta property=\"og:site_name\" content=\"Bombuy\/AAC\" \/>\n<meta property=\"article:modified_time\" content=\"2022-04-28T10:43:53+00:00\" \/>\n<meta property=\"og:image\" content=\"http:\/\/bombuy.net\/wp-content\/uploads\/2022\/01\/BOMBUY-HIGHLIGHTS-IMG-03.jpg\" \/>\n<meta name=\"twitter:card\" content=\"summary_large_image\" \/>\n<meta name=\"twitter:label1\" content=\"Tiempo de lectura\" \/>\n\t<meta name=\"twitter:data1\" content=\"2 minutos\" \/>\n<script type=\"application\/ld+json\" class=\"yoast-schema-graph\">{\"@context\":\"https:\/\/schema.org\",\"@graph\":[{\"@type\":\"WebPage\",\"@id\":\"https:\/\/bombuy.net\/es\/equipo\/\",\"url\":\"https:\/\/bombuy.net\/es\/equipo\/\",\"name\":\"Nuestro equipo - Bombuy\/AAC\",\"isPartOf\":{\"@id\":\"https:\/\/bombuy.net\/es\/#website\"},\"datePublished\":\"2021-11-29T11:06:46+00:00\",\"dateModified\":\"2022-04-28T10:43:53+00:00\",\"breadcrumb\":{\"@id\":\"https:\/\/bombuy.net\/es\/equipo\/#breadcrumb\"},\"inLanguage\":\"es\",\"potentialAction\":[{\"@type\":\"ReadAction\",\"target\":[\"https:\/\/bombuy.net\/es\/equipo\/\"]}]},{\"@type\":\"BreadcrumbList\",\"@id\":\"https:\/\/bombuy.net\/es\/equipo\/#breadcrumb\",\"itemListElement\":[{\"@type\":\"ListItem\",\"position\":1,\"name\":\"Inici\",\"item\":\"https:\/\/bombuy.net\/es\/\"},{\"@type\":\"ListItem\",\"position\":2,\"name\":\"Nuestro equipo\"}]},{\"@type\":\"WebSite\",\"@id\":\"https:\/\/bombuy.net\/es\/#website\",\"url\":\"https:\/\/bombuy.net\/es\/\",\"name\":\"Bombuy\/AAC\",\"description\":\"Advocats \u2014 Assessors \u2014 Consultors\",\"potentialAction\":[{\"@type\":\"SearchAction\",\"target\":{\"@type\":\"EntryPoint\",\"urlTemplate\":\"https:\/\/bombuy.net\/es\/?s={search_term_string}\"},\"query-input\":\"required name=search_term_string\"}],\"inLanguage\":\"es\"}]}<\/script>\n<!-- \/ Yoast SEO plugin. -->","yoast_head_json":{"title":"Nuestro equipo - Bombuy\/AAC","robots":{"index":"index","follow":"follow","max-snippet":"max-snippet:-1","max-image-preview":"max-image-preview:large","max-video-preview":"max-video-preview:-1"},"canonical":"https:\/\/bombuy.net\/es\/equipo\/","og_locale":"es_ES","og_type":"article","og_title":"Nuestro equipo - Bombuy\/AAC","og_description":"Nuestro Despacho profesional est\u00e1 integrado por un colectivo de profesionales vinculados al mundo del Derecho y de la Empresa. Josep Maria Bombuy, director, abogado con m\u00e1s de 25 a\u00f1os de ejercicio, tiene una larga experiencia profesional en diferentes ramas del Derecho y del asesoramiento de empresa. Vinculado profesionalmente en despachos especializados en litigios mercantiles, civiles&nbsp; &hellip; Read more","og_url":"https:\/\/bombuy.net\/es\/equipo\/","og_site_name":"Bombuy\/AAC","article_modified_time":"2022-04-28T10:43:53+00:00","og_image":[{"url":"http:\/\/bombuy.net\/wp-content\/uploads\/2022\/01\/BOMBUY-HIGHLIGHTS-IMG-03.jpg"}],"twitter_card":"summary_large_image","twitter_misc":{"Tiempo de lectura":"2 minutos"},"schema":{"@context":"https:\/\/schema.org","@graph":[{"@type":"WebPage","@id":"https:\/\/bombuy.net\/es\/equipo\/","url":"https:\/\/bombuy.net\/es\/equipo\/","name":"Nuestro equipo - Bombuy\/AAC","isPartOf":{"@id":"https:\/\/bombuy.net\/es\/#website"},"datePublished":"2021-11-29T11:06:46+00:00","dateModified":"2022-04-28T10:43:53+00:00","breadcrumb":{"@id":"https:\/\/bombuy.net\/es\/equipo\/#breadcrumb"},"inLanguage":"es","potentialAction":[{"@type":"ReadAction","target":["https:\/\/bombuy.net\/es\/equipo\/"]}]},{"@type":"BreadcrumbList","@id":"https:\/\/bombuy.net\/es\/equipo\/#breadcrumb","itemListElement":[{"@type":"ListItem","position":1,"name":"Inici","item":"https:\/\/bombuy.net\/es\/"},{"@type":"ListItem","position":2,"name":"Nuestro equipo"}]},{"@type":"WebSite","@id":"https:\/\/bombuy.net\/es\/#website","url":"https:\/\/bombuy.net\/es\/","name":"Bombuy\/AAC","description":"Advocats \u2014 Assessors \u2014 Consultors","potentialAction":[{"@type":"SearchAction","target":{"@type":"EntryPoint","urlTemplate":"https:\/\/bombuy.net\/es\/?s={search_term_string}"},"query-input":"required name=search_term_string"}],"inLanguage":"es"}]}},"_links":{"self":[{"href":"https:\/\/bombuy.net\/es\/wp-json\/wp\/v2\/pages\/536"}],"collection":[{"href":"https:\/\/bombuy.net\/es\/wp-json\/wp\/v2\/pages"}],"about":[{"href":"https:\/\/bombuy.net\/es\/wp-json\/wp\/v2\/types\/page"}],"author":[{"embeddable":true,"href":"https:\/\/bombuy.net\/es\/wp-json\/wp\/v2\/users\/1"}],"replies":[{"embeddable":true,"href":"https:\/\/bombuy.net\/es\/wp-json\/wp\/v2\/comments?post=536"}],"version-history":[{"count":6,"href":"https:\/\/bombuy.net\/es\/wp-json\/wp\/v2\/pages\/536\/revisions"}],"predecessor-version":[{"id":626,"href":"https:\/\/bombuy.net\/es\/wp-json\/wp\/v2\/pages\/536\/revisions\/626"}],"wp:attachment":[{"href":"https:\/\/bombuy.net\/es\/wp-json\/wp\/v2\/media?parent=536"}],"wp:term":[{"taxonomy":"page_tag","embeddable":true,"href":"https:\/\/bombuy.net\/es\/wp-json\/wp\/v2\/page_tag?post=536"}],"curies":[{"name":"wp","href":"https:\/\/api.w.org\/{rel}","templated":true}]}}