{"id":535,"date":"2021-11-29T12:06:31","date_gmt":"2021-11-29T11:06:31","guid":{"rendered":"http:\/\/bombuy.net\/sobre-nosaltres\/"},"modified":"2022-04-28T11:39:08","modified_gmt":"2022-04-28T10:39:08","slug":"sobre-nosotros","status":"publish","type":"page","link":"https:\/\/bombuy.net\/es\/sobre-nosotros\/","title":{"rendered":"Sobre nosotros"},"content":{"rendered":"\n\n<div id=\"page-top-block_61a8bf3b7476b\" class=\"page-top-block mb-14 md:mb-20\">\n\t\t\t\n\t\n\t<div class=\"relative\">\n\n\t\t<div class=\"py-14 md:py-24 bg-brand text-off-white\">\n\t\t\t\n\t\t\t<div class=\"container\">\n\n\t\t\t\t<div class=\"md:w-1\/2 md:pr-20 xl:pr-30 md:flex md:flex-col md:justify-between h-full\">\n\t\t\t\t\t\n\t\t\t\t\t<div>\n\n\t\t\t\t\t\t\n\t\t\t\t\t\t<h1 class=\"h1 mb-0 font-medium\">Sobre nosotros<\/h1>\n\n\t\t\t\t\t<\/div>\n\n\t\t\t\t<\/div>\n\n\t\t\t<\/div>\t\t\t\n\n\t\t<\/div>\n\n\t\t<div class=\"md:absolute top-0 right-0 z-1 w-full pointer-events-none js-block-min-height\">\n\t\t\t\n\t\t\t<div class=\"md:px-20 xl:px-30 md:flex justify-end container\">\n\t\t\t\t\n\t\t\t\t<div class=\"md:w-5\/12\">\n\n\t\t\t\t\t<img decoding=\"async\" class=\"block border\" src=\"https:\/\/bombuy.net\/wp-content\/uploads\/2022\/01\/BOMBUY-COVER-IMG-02.jpg\" alt=\"\">\n\n\t\t\t\t\t<div class=\"hidden md:block pt-20\">\n\t\t\t\t\n\t\t\t\t\t\t\t\t\t\t\t\n\t\t\t\t\t<\/div>\n\n\t\t\t\t<\/div>\n\n\t\t\t<\/div>\n\n\n\n\t\t<\/div>\n\n\t<\/div>\n\n<\/div>\n\n\n\n\n<div class=\"is-layout-flex wp-container-3 wp-block-columns\">\n<div class=\"is-layout-flow wp-block-column\">\n<p>Despacho profesional creado en 2008, fruto de la suma de un conjunto de profesionales vinculados al mundo del Derecho y de la empresa. Dirigido por Josep Maria Bombuy Gimenez, abogado con m\u00e1s de 25 a\u00f1os de ejercicio.<\/p>\n\n\n\n<p><br>El <strong>trato personalizado<\/strong>, el <strong>seguimiento intensivo de los procedimientos<\/strong> y la <strong>vinculaci\u00f3n directa con los clientes<\/strong> son los pilares del trabajo que llevamos a cabo cada d\u00eda y que nos ha permitido un crecimiento continuado.<\/p>\n\n\n\n<p>El despacho ofrece un asesoramiento integral a personas y empresas.<br><\/p>\n\n\n\n<p>La fidelizaci\u00f3n de nuestros clientes es el resultado que obtenemos de los servicios prestados.<\/p>\n\n\n\n<div style=\"height:100px\" aria-hidden=\"true\" class=\"wp-block-spacer\"><\/div>\n<\/div>\n\n\n\n<div class=\"is-layout-flow wp-block-column\"><\/div>\n<\/div>\n\n\n\n<figure class=\"wp-block-image size-full\"><img decoding=\"async\" loading=\"lazy\" width=\"1920\" height=\"600\" src=\"http:\/\/bombuy.net\/wp-content\/uploads\/2022\/01\/BOMBUY-HIGHLIGHTS-IMG-02.jpg\" alt=\"\" class=\"wp-image-253\" srcset=\"https:\/\/bombuy.net\/wp-content\/uploads\/2022\/01\/BOMBUY-HIGHLIGHTS-IMG-02.jpg 1920w, https:\/\/bombuy.net\/wp-content\/uploads\/2022\/01\/BOMBUY-HIGHLIGHTS-IMG-02-1280x400.jpg 1280w, https:\/\/bombuy.net\/wp-content\/uploads\/2022\/01\/BOMBUY-HIGHLIGHTS-IMG-02-768x240.jpg 768w, https:\/\/bombuy.net\/wp-content\/uploads\/2022\/01\/BOMBUY-HIGHLIGHTS-IMG-02-1536x480.jpg 1536w\" sizes=\"(max-width: 1920px) 100vw, 1920px\" \/><\/figure>\n\n\n\n<div class=\"is-layout-flow wp-block-group has-bombuy-white-color has-bombuy-black-background-color has-text-color has-background\"><div class=\"wp-block-group__inner-container\">\n<div class=\"is-layout-flex wp-container-6 wp-block-columns\">\n<div class=\"is-layout-flow wp-block-column\">\n<h4><strong>Una filosof\u00eda de trabajo \u00fanica<\/strong><\/h4>\n\n\n\n<p>La experiencia, el trato directo, el seguimiento continuado y la implicaci\u00f3n en todos los procedimientos son valores que comparten todos los profesionales que integran el Despacho.<\/p>\n\n\n\n<p>La capacidad en la resoluci\u00f3n de problemas es nuestra aptitud com\u00fan.<\/p>\n\n\n\n<p>Trabajamos en equipo para encontrar soluciones. Ser\u00e1 un placer ofrecerle nuestros servicios.<\/p>\n<\/div>\n\n\n\n<div class=\"is-layout-flow wp-block-column\">\n<hr class=\"wp-block-separator\"\/>\n<\/div>\n<\/div>\n<\/div><\/div>\n\n\n\n<figure class=\"wp-block-image size-full is-style-boxed-image\"><img decoding=\"async\" loading=\"lazy\" width=\"1500\" height=\"678\" src=\"http:\/\/bombuy.net\/wp-content\/uploads\/2022\/01\/BOMBUY-IMAGE-IMG-03.jpg\" alt=\"\" class=\"wp-image-268\" srcset=\"https:\/\/bombuy.net\/wp-content\/uploads\/2022\/01\/BOMBUY-IMAGE-IMG-03.jpg 1500w, https:\/\/bombuy.net\/wp-content\/uploads\/2022\/01\/BOMBUY-IMAGE-IMG-03-1280x579.jpg 1280w, https:\/\/bombuy.net\/wp-content\/uploads\/2022\/01\/BOMBUY-IMAGE-IMG-03-768x347.jpg 768w\" sizes=\"(max-width: 1500px) 100vw, 1500px\" \/><\/figure>\n\n\n\n\n<div id=\"related-pages-block_61a8bfd27476c\" class=\"related-pages-block container pb-14\">\n\t\t\n\t\t<h4 class=\"uppercase text-lg font-medium mb-12 lg:mb-14\">\n\n\t\t\tTambi\u00e9n te puede interesar\t\t\t\t\n\t\t<\/h4>\n\n\t\t\n\t\t\t<ul class=\"pages-menu border-t\">\n\t\t\t\t\n\t\t\t\t\n\n<li class=\"border-b py-14\">\n\t\n\t<a class=\"font-serif leading-none font-medium text-2xl md:text-5xl lg:text-7xl block arrow-right-after large pr-24\" href=\"https:\/\/bombuy.net\/es\/equipo\/\">\n\t\t\n\t\tNuestro equipo\n\t<\/a>\n\n<\/li>\n\n\n\t\t\t<\/ul>\n\n\t\t\n<\/div>\n\n\n","protected":false},"excerpt":{"rendered":"<p>Despacho profesional creado en 2008, fruto de la suma de un conjunto de profesionales vinculados al mundo del Derecho y de la empresa. Dirigido por Josep Maria Bombuy Gimenez, abogado con m\u00e1s de 25 a\u00f1os de ejercicio. El trato personalizado, el seguimiento intensivo de los procedimientos y la vinculaci\u00f3n directa con los clientes son los&nbsp; <a href=\"https:\/\/bombuy.net\/es\/sobre-nosotros\/\">&hellip; Read more <i class=\"glyphicon glyphicon-arrow-right\"><\/i><\/a><\/p>\n","protected":false},"author":1,"featured_media":0,"parent":0,"menu_order":2,"comment_status":"closed","ping_status":"closed","template":"","meta":[],"page_tag":[],"acf":[],"yoast_head":"<!-- This site is optimized with the Yoast SEO plugin v21.1 - https:\/\/yoast.com\/wordpress\/plugins\/seo\/ -->\n<title>Sobre nosotros - Bombuy\/AAC<\/title>\n<meta name=\"robots\" content=\"index, follow, max-snippet:-1, max-image-preview:large, max-video-preview:-1\" \/>\n<link rel=\"canonical\" href=\"https:\/\/bombuy.net\/es\/sobre-nosotros\/\" \/>\n<meta property=\"og:locale\" content=\"es_ES\" \/>\n<meta property=\"og:type\" content=\"article\" \/>\n<meta property=\"og:title\" content=\"Sobre nosotros - Bombuy\/AAC\" \/>\n<meta property=\"og:description\" content=\"Despacho profesional creado en 2008, fruto de la suma de un conjunto de profesionales vinculados al mundo del Derecho y de la empresa. Dirigido por Josep Maria Bombuy Gimenez, abogado con m\u00e1s de 25 a\u00f1os de ejercicio. El trato personalizado, el seguimiento intensivo de los procedimientos y la vinculaci\u00f3n directa con los clientes son los&nbsp; &hellip; Read more\" \/>\n<meta property=\"og:url\" content=\"https:\/\/bombuy.net\/es\/sobre-nosotros\/\" \/>\n<meta property=\"og:site_name\" content=\"Bombuy\/AAC\" \/>\n<meta property=\"article:modified_time\" content=\"2022-04-28T10:39:08+00:00\" \/>\n<meta property=\"og:image\" content=\"http:\/\/bombuy.net\/wp-content\/uploads\/2022\/01\/BOMBUY-HIGHLIGHTS-IMG-02.jpg\" \/>\n<meta name=\"twitter:card\" content=\"summary_large_image\" \/>\n<meta name=\"twitter:label1\" content=\"Tiempo de lectura\" \/>\n\t<meta name=\"twitter:data1\" content=\"2 minutos\" \/>\n<script type=\"application\/ld+json\" class=\"yoast-schema-graph\">{\"@context\":\"https:\/\/schema.org\",\"@graph\":[{\"@type\":\"WebPage\",\"@id\":\"https:\/\/bombuy.net\/es\/sobre-nosotros\/\",\"url\":\"https:\/\/bombuy.net\/es\/sobre-nosotros\/\",\"name\":\"Sobre nosotros - Bombuy\/AAC\",\"isPartOf\":{\"@id\":\"https:\/\/bombuy.net\/es\/#website\"},\"datePublished\":\"2021-11-29T11:06:31+00:00\",\"dateModified\":\"2022-04-28T10:39:08+00:00\",\"breadcrumb\":{\"@id\":\"https:\/\/bombuy.net\/es\/sobre-nosotros\/#breadcrumb\"},\"inLanguage\":\"es\",\"potentialAction\":[{\"@type\":\"ReadAction\",\"target\":[\"https:\/\/bombuy.net\/es\/sobre-nosotros\/\"]}]},{\"@type\":\"BreadcrumbList\",\"@id\":\"https:\/\/bombuy.net\/es\/sobre-nosotros\/#breadcrumb\",\"itemListElement\":[{\"@type\":\"ListItem\",\"position\":1,\"name\":\"Inici\",\"item\":\"https:\/\/bombuy.net\/es\/\"},{\"@type\":\"ListItem\",\"position\":2,\"name\":\"Sobre nosotros\"}]},{\"@type\":\"WebSite\",\"@id\":\"https:\/\/bombuy.net\/es\/#website\",\"url\":\"https:\/\/bombuy.net\/es\/\",\"name\":\"Bombuy\/AAC\",\"description\":\"Advocats \u2014 Assessors \u2014 Consultors\",\"potentialAction\":[{\"@type\":\"SearchAction\",\"target\":{\"@type\":\"EntryPoint\",\"urlTemplate\":\"https:\/\/bombuy.net\/es\/?s={search_term_string}\"},\"query-input\":\"required name=search_term_string\"}],\"inLanguage\":\"es\"}]}<\/script>\n<!-- \/ Yoast SEO plugin. -->","yoast_head_json":{"title":"Sobre nosotros - Bombuy\/AAC","robots":{"index":"index","follow":"follow","max-snippet":"max-snippet:-1","max-image-preview":"max-image-preview:large","max-video-preview":"max-video-preview:-1"},"canonical":"https:\/\/bombuy.net\/es\/sobre-nosotros\/","og_locale":"es_ES","og_type":"article","og_title":"Sobre nosotros - Bombuy\/AAC","og_description":"Despacho profesional creado en 2008, fruto de la suma de un conjunto de profesionales vinculados al mundo del Derecho y de la empresa. Dirigido por Josep Maria Bombuy Gimenez, abogado con m\u00e1s de 25 a\u00f1os de ejercicio. El trato personalizado, el seguimiento intensivo de los procedimientos y la vinculaci\u00f3n directa con los clientes son los&nbsp; &hellip; Read more","og_url":"https:\/\/bombuy.net\/es\/sobre-nosotros\/","og_site_name":"Bombuy\/AAC","article_modified_time":"2022-04-28T10:39:08+00:00","og_image":[{"url":"http:\/\/bombuy.net\/wp-content\/uploads\/2022\/01\/BOMBUY-HIGHLIGHTS-IMG-02.jpg"}],"twitter_card":"summary_large_image","twitter_misc":{"Tiempo de lectura":"2 minutos"},"schema":{"@context":"https:\/\/schema.org","@graph":[{"@type":"WebPage","@id":"https:\/\/bombuy.net\/es\/sobre-nosotros\/","url":"https:\/\/bombuy.net\/es\/sobre-nosotros\/","name":"Sobre nosotros - Bombuy\/AAC","isPartOf":{"@id":"https:\/\/bombuy.net\/es\/#website"},"datePublished":"2021-11-29T11:06:31+00:00","dateModified":"2022-04-28T10:39:08+00:00","breadcrumb":{"@id":"https:\/\/bombuy.net\/es\/sobre-nosotros\/#breadcrumb"},"inLanguage":"es","potentialAction":[{"@type":"ReadAction","target":["https:\/\/bombuy.net\/es\/sobre-nosotros\/"]}]},{"@type":"BreadcrumbList","@id":"https:\/\/bombuy.net\/es\/sobre-nosotros\/#breadcrumb","itemListElement":[{"@type":"ListItem","position":1,"name":"Inici","item":"https:\/\/bombuy.net\/es\/"},{"@type":"ListItem","position":2,"name":"Sobre nosotros"}]},{"@type":"WebSite","@id":"https:\/\/bombuy.net\/es\/#website","url":"https:\/\/bombuy.net\/es\/","name":"Bombuy\/AAC","description":"Advocats \u2014 Assessors \u2014 Consultors","potentialAction":[{"@type":"SearchAction","target":{"@type":"EntryPoint","urlTemplate":"https:\/\/bombuy.net\/es\/?s={search_term_string}"},"query-input":"required name=search_term_string"}],"inLanguage":"es"}]}},"_links":{"self":[{"href":"https:\/\/bombuy.net\/es\/wp-json\/wp\/v2\/pages\/535"}],"collection":[{"href":"https:\/\/bombuy.net\/es\/wp-json\/wp\/v2\/pages"}],"about":[{"href":"https:\/\/bombuy.net\/es\/wp-json\/wp\/v2\/types\/page"}],"author":[{"embeddable":true,"href":"https:\/\/bombuy.net\/es\/wp-json\/wp\/v2\/users\/1"}],"replies":[{"embeddable":true,"href":"https:\/\/bombuy.net\/es\/wp-json\/wp\/v2\/comments?post=535"}],"version-history":[{"count":5,"href":"https:\/\/bombuy.net\/es\/wp-json\/wp\/v2\/pages\/535\/revisions"}],"predecessor-version":[{"id":620,"href":"https:\/\/bombuy.net\/es\/wp-json\/wp\/v2\/pages\/535\/revisions\/620"}],"wp:attachment":[{"href":"https:\/\/bombuy.net\/es\/wp-json\/wp\/v2\/media?parent=535"}],"wp:term":[{"taxonomy":"page_tag","embeddable":true,"href":"https:\/\/bombuy.net\/es\/wp-json\/wp\/v2\/page_tag?post=535"}],"curies":[{"name":"wp","href":"https:\/\/api.w.org\/{rel}","templated":true}]}}