{"id":534,"date":"2022-01-19T12:04:47","date_gmt":"2022-01-19T11:04:47","guid":{"rendered":"http:\/\/bombuy.net\/arees-de-practiques\/patrimoni-i-herencies\/"},"modified":"2022-04-28T11:31:10","modified_gmt":"2022-04-28T10:31:10","slug":"patrimonio-y-herencias","status":"publish","type":"page","link":"https:\/\/bombuy.net\/es\/areas-de-practica\/patrimonio-y-herencias\/","title":{"rendered":"Patrimonio y Herencias"},"content":{"rendered":"\n\n<div id=\"page-top-block_61a89a9833c45\" class=\"page-top-block mb-14 md:mb-20\">\n\t\t\t\n\t\n\t<div class=\"relative\">\n\n\t\t<div class=\"py-14 md:py-24 bg-brand text-off-white\">\n\t\t\t\n\t\t\t<div class=\"container\">\n\n\t\t\t\t<div class=\"md:w-1\/2 md:pr-20 xl:pr-30 md:flex md:flex-col md:justify-between h-full\">\n\t\t\t\t\t\n\t\t\t\t\t<div>\n\n\t\t\t\t\t\t\t\t\t\t\t\t\t<h2 class=\"uppercase mb-1 text-lg font-normal\">\u00c0rees de Pr\u00e0ctica  \/<\/h2>\n\t\t\t\t\t\t\n\t\t\t\t\t\t<h1 class=\"h1 mb-0 font-medium\">Patrimoni i Her\u00e8ncies<\/h1>\n\n\t\t\t\t\t<\/div>\n\n\t\t\t\t<\/div>\n\n\t\t\t<\/div>\t\t\t\n\n\t\t<\/div>\n\n\t\t<div class=\"md:absolute top-0 right-0 z-1 w-full pointer-events-none js-block-min-height\">\n\t\t\t\n\t\t\t<div class=\"md:px-20 xl:px-30 md:flex justify-end container\">\n\t\t\t\t\n\t\t\t\t<div class=\"md:w-5\/12\">\n\n\t\t\t\t\t<img decoding=\"async\" class=\"block border\" src=\"https:\/\/bombuy.net\/wp-content\/uploads\/2022\/01\/Bombuy-advocats-dret-patrimon-herencies.jpg\" alt=\"\">\n\n\t\t\t\t\t<div class=\"hidden md:block pt-20\">\n\t\t\t\t\n\t\t\t\t\t\t\n\t<h5 class=\"uppercase mb-6\">\n\t\t\n\t\tOtras \u00e1reas de pr\u00e1ctica\n\t<\/h5>\n\n\t<ul class=\"pages-list border-t pointer-events-auto mb-32 md:mb-0\">\n\t\t\n\t\t\n\t\t\t<li class=\"border-b py-6\">\n\t\t\t\n\t\t\t\t<a class=\"font-serif leading-none font-medium text-xl block arrow-right-after pr-24\" href=\"https:\/\/bombuy.net\/es\/areas-de-practica\/derecho-penal\/\">\n\t\t\t\t\t\n\t\t\t\t\tDerecho penal\n\t\t\t\t<\/a>\n\n\t\t\t<\/li>\n\n\t\t\n\t\t\t<li class=\"border-b py-6\">\n\t\t\t\n\t\t\t\t<a class=\"font-serif leading-none font-medium text-xl block arrow-right-after pr-24\" href=\"https:\/\/bombuy.net\/es\/areas-de-practica\/derecho-laboral-y-de-la-seguridad-social\/\">\n\t\t\t\t\t\n\t\t\t\t\tDerecho laboral y de la seguridad social\n\t\t\t\t<\/a>\n\n\t\t\t<\/li>\n\n\t\t\n\t\t\t<li class=\"border-b py-6\">\n\t\t\t\n\t\t\t\t<a class=\"font-serif leading-none font-medium text-xl block arrow-right-after pr-24\" href=\"https:\/\/bombuy.net\/es\/areas-de-practica\/derecho-de-empresa-y-derecho-del-consumo\/\">\n\t\t\t\t\t\n\t\t\t\t\tDerecho de empresa y derecho del consumo\n\t\t\t\t<\/a>\n\n\t\t\t<\/li>\n\n\t\t\n\t\t\t<li class=\"border-b py-6\">\n\t\t\t\n\t\t\t\t<a class=\"font-serif leading-none font-medium text-xl block arrow-right-after pr-24\" href=\"https:\/\/bombuy.net\/es\/areas-de-practica\/derecho-civil-y-derecho-de-familia\/\">\n\t\t\t\t\t\n\t\t\t\t\tDerecho civil y derecho de familia\n\t\t\t\t<\/a>\n\n\t\t\t<\/li>\n\n\t\t\n\t<\/ul>\n\n\t\t\t\t\t\n\t\t\t\t\t<\/div>\n\n\t\t\t\t<\/div>\n\n\t\t\t<\/div>\n\n\n\n\t\t<\/div>\n\n\t<\/div>\n\n<\/div>\n\n\n\n\n<div class=\"is-layout-flex wp-container-3 wp-block-columns\">\n<div class=\"is-layout-flow wp-block-column\">\n<p><strong>Transmisi\u00f3n de inmuebles y otros derechos reales<\/strong><\/p>\n\n\n\n<p>Ofrecemos asesoramiento integral en la compra, venta y donaci\u00f3n de bienes inmuebles (pisos, casas, locales, plazas de aparcamiento y terrenos), tanto desde la perspectiva jur\u00eddica como la fiscal. Realizamos la consulta de datos registrales y urban\u00edsticos para dar plena seguridad jur\u00eddica al comprador, as\u00ed como el estudio de los gastos e impuestos, directos e indirectos, vinculados a la transmisi\u00f3n o adquisici\u00f3n de un inmueble. Con esta finalidad, ofrecemos el servicio de redacci\u00f3n de contratos de compraventa y arras.<\/p>\n\n\n\n<p>Llevamos a cabo la negociaci\u00f3n de embargos y cancelaci\u00f3n de hipotecas y otras cargas y estamos especializados en la eliminaci\u00f3n de censos enfit\u00e9uticos y otros dominios.<\/p>\n\n\n\n<p><\/p>\n\n\n\n<p><strong>Herencias, pactos sucesorios y testamentos<\/strong><\/p>\n\n\n\n<p>Asesoramiento completo en materia de sucesiones, planificaci\u00f3n sucesoria, redacci\u00f3n de testamento, legados, imputaci\u00f3n de bienes a leg\u00edtimas, redacci\u00f3n de pactos sucesorios, desheredaciones, tramitaci\u00f3n de aceptaci\u00f3n y renuncia de herencias, con especial atenci\u00f3n a todos los aspectos civiles y fiscales (impuestos) relacionados.<\/p>\n\n\n\n<p>Realizamos asesoramiento integral, asumiendo todos los tr\u00e1mites necesarios para dar la resoluci\u00f3n m\u00e1s satisfactoria a cada herencia, reduciendo las gestiones que tienen que llevar a cabo los clientes.<\/p>\n\n\n\n<p>Tambi\u00e9n asesoramos en el otorgamiento de poderes generales y especiales, con o sin previsi\u00f3n de discapacidad futura (mandato preventivo) y en el otorgamiento de voluntades anticipadas, tambi\u00e9n conocidas como \u201ctestamento vital\u201d.<\/p>\n\n\n\n<p><br><\/p>\n\n\n\n\n<div id=\"tags-block_61a8a360cd764\" class=\"tags-block mb-14 md:mb-20\">\n\t\t\t\n\t\n\t\t\t<div class=\"text-sm\">Autotutela, Censo enfit\u00e9utico, Compraventa inmueble, Donaci\u00f3n inmueble, Embargo, Legado, Leg\u00edtima, Pacto sucesorio, Poder notarial, Poderes con mandato preventivo, Renuncia herencia, Testamento, Testamento vital, Voluntades anticipadas<\/div>\n\n\n<\/div>\n\n<\/div>\n\n\n\n<div class=\"is-layout-flow wp-block-column\"><\/div>\n<\/div>\n","protected":false},"excerpt":{"rendered":"<p>Transmisi\u00f3n de inmuebles y otros derechos reales Ofrecemos asesoramiento integral en la compra, venta y donaci\u00f3n de bienes inmuebles (pisos, casas, locales, plazas de aparcamiento y terrenos), tanto desde la perspectiva jur\u00eddica como la fiscal. Realizamos la consulta de datos registrales y urban\u00edsticos para dar plena seguridad jur\u00eddica al comprador, as\u00ed como el estudio de&nbsp; <a href=\"https:\/\/bombuy.net\/es\/areas-de-practica\/patrimonio-y-herencias\/\">&hellip; Read more <i class=\"glyphicon glyphicon-arrow-right\"><\/i><\/a><\/p>\n","protected":false},"author":2,"featured_media":0,"parent":529,"menu_order":1,"comment_status":"closed","ping_status":"closed","template":"","meta":[],"page_tag":[96,193,190,191,192,200,201,199,97,202,197,198,204,203],"acf":[],"yoast_head":"<!-- This site is optimized with the Yoast SEO plugin v21.1 - https:\/\/yoast.com\/wordpress\/plugins\/seo\/ -->\n<title>Patrimonio y Herencias - Bombuy\/AAC<\/title>\n<meta name=\"robots\" content=\"index, follow, max-snippet:-1, max-image-preview:large, max-video-preview:-1\" \/>\n<link rel=\"canonical\" href=\"https:\/\/bombuy.net\/es\/areas-de-practica\/patrimonio-y-herencias\/\" \/>\n<meta property=\"og:locale\" content=\"es_ES\" \/>\n<meta property=\"og:type\" content=\"article\" \/>\n<meta property=\"og:title\" content=\"Patrimonio y Herencias - Bombuy\/AAC\" \/>\n<meta property=\"og:description\" content=\"Transmisi\u00f3n de inmuebles y otros derechos reales Ofrecemos asesoramiento integral en la compra, venta y donaci\u00f3n de bienes inmuebles (pisos, casas, locales, plazas de aparcamiento y terrenos), tanto desde la perspectiva jur\u00eddica como la fiscal. Realizamos la consulta de datos registrales y urban\u00edsticos para dar plena seguridad jur\u00eddica al comprador, as\u00ed como el estudio de&nbsp; &hellip; Read more\" \/>\n<meta property=\"og:url\" content=\"https:\/\/bombuy.net\/es\/areas-de-practica\/patrimonio-y-herencias\/\" \/>\n<meta property=\"og:site_name\" content=\"Bombuy\/AAC\" \/>\n<meta property=\"article:modified_time\" content=\"2022-04-28T10:31:10+00:00\" \/>\n<meta name=\"twitter:card\" content=\"summary_large_image\" \/>\n<meta name=\"twitter:label1\" content=\"Tiempo de lectura\" \/>\n\t<meta name=\"twitter:data1\" content=\"2 minutos\" \/>\n<script type=\"application\/ld+json\" class=\"yoast-schema-graph\">{\"@context\":\"https:\/\/schema.org\",\"@graph\":[{\"@type\":\"WebPage\",\"@id\":\"https:\/\/bombuy.net\/es\/areas-de-practica\/patrimonio-y-herencias\/\",\"url\":\"https:\/\/bombuy.net\/es\/areas-de-practica\/patrimonio-y-herencias\/\",\"name\":\"Patrimonio y Herencias - Bombuy\/AAC\",\"isPartOf\":{\"@id\":\"https:\/\/bombuy.net\/es\/#website\"},\"datePublished\":\"2022-01-19T11:04:47+00:00\",\"dateModified\":\"2022-04-28T10:31:10+00:00\",\"breadcrumb\":{\"@id\":\"https:\/\/bombuy.net\/es\/areas-de-practica\/patrimonio-y-herencias\/#breadcrumb\"},\"inLanguage\":\"es\",\"potentialAction\":[{\"@type\":\"ReadAction\",\"target\":[\"https:\/\/bombuy.net\/es\/areas-de-practica\/patrimonio-y-herencias\/\"]}]},{\"@type\":\"BreadcrumbList\",\"@id\":\"https:\/\/bombuy.net\/es\/areas-de-practica\/patrimonio-y-herencias\/#breadcrumb\",\"itemListElement\":[{\"@type\":\"ListItem\",\"position\":1,\"name\":\"Inici\",\"item\":\"https:\/\/bombuy.net\/es\/\"},{\"@type\":\"ListItem\",\"position\":2,\"name\":\"\u00c1reas de pr\u00e1ctica\",\"item\":\"https:\/\/bombuy.net\/es\/areas-de-practica\/\"},{\"@type\":\"ListItem\",\"position\":3,\"name\":\"Patrimonio y Herencias\"}]},{\"@type\":\"WebSite\",\"@id\":\"https:\/\/bombuy.net\/es\/#website\",\"url\":\"https:\/\/bombuy.net\/es\/\",\"name\":\"Bombuy\/AAC\",\"description\":\"Advocats \u2014 Assessors \u2014 Consultors\",\"potentialAction\":[{\"@type\":\"SearchAction\",\"target\":{\"@type\":\"EntryPoint\",\"urlTemplate\":\"https:\/\/bombuy.net\/es\/?s={search_term_string}\"},\"query-input\":\"required name=search_term_string\"}],\"inLanguage\":\"es\"}]}<\/script>\n<!-- \/ Yoast SEO plugin. -->","yoast_head_json":{"title":"Patrimonio y Herencias - Bombuy\/AAC","robots":{"index":"index","follow":"follow","max-snippet":"max-snippet:-1","max-image-preview":"max-image-preview:large","max-video-preview":"max-video-preview:-1"},"canonical":"https:\/\/bombuy.net\/es\/areas-de-practica\/patrimonio-y-herencias\/","og_locale":"es_ES","og_type":"article","og_title":"Patrimonio y Herencias - Bombuy\/AAC","og_description":"Transmisi\u00f3n de inmuebles y otros derechos reales Ofrecemos asesoramiento integral en la compra, venta y donaci\u00f3n de bienes inmuebles (pisos, casas, locales, plazas de aparcamiento y terrenos), tanto desde la perspectiva jur\u00eddica como la fiscal. Realizamos la consulta de datos registrales y urban\u00edsticos para dar plena seguridad jur\u00eddica al comprador, as\u00ed como el estudio de&nbsp; &hellip; Read more","og_url":"https:\/\/bombuy.net\/es\/areas-de-practica\/patrimonio-y-herencias\/","og_site_name":"Bombuy\/AAC","article_modified_time":"2022-04-28T10:31:10+00:00","twitter_card":"summary_large_image","twitter_misc":{"Tiempo de lectura":"2 minutos"},"schema":{"@context":"https:\/\/schema.org","@graph":[{"@type":"WebPage","@id":"https:\/\/bombuy.net\/es\/areas-de-practica\/patrimonio-y-herencias\/","url":"https:\/\/bombuy.net\/es\/areas-de-practica\/patrimonio-y-herencias\/","name":"Patrimonio y Herencias - Bombuy\/AAC","isPartOf":{"@id":"https:\/\/bombuy.net\/es\/#website"},"datePublished":"2022-01-19T11:04:47+00:00","dateModified":"2022-04-28T10:31:10+00:00","breadcrumb":{"@id":"https:\/\/bombuy.net\/es\/areas-de-practica\/patrimonio-y-herencias\/#breadcrumb"},"inLanguage":"es","potentialAction":[{"@type":"ReadAction","target":["https:\/\/bombuy.net\/es\/areas-de-practica\/patrimonio-y-herencias\/"]}]},{"@type":"BreadcrumbList","@id":"https:\/\/bombuy.net\/es\/areas-de-practica\/patrimonio-y-herencias\/#breadcrumb","itemListElement":[{"@type":"ListItem","position":1,"name":"Inici","item":"https:\/\/bombuy.net\/es\/"},{"@type":"ListItem","position":2,"name":"\u00c1reas de pr\u00e1ctica","item":"https:\/\/bombuy.net\/es\/areas-de-practica\/"},{"@type":"ListItem","position":3,"name":"Patrimonio y Herencias"}]},{"@type":"WebSite","@id":"https:\/\/bombuy.net\/es\/#website","url":"https:\/\/bombuy.net\/es\/","name":"Bombuy\/AAC","description":"Advocats \u2014 Assessors \u2014 Consultors","potentialAction":[{"@type":"SearchAction","target":{"@type":"EntryPoint","urlTemplate":"https:\/\/bombuy.net\/es\/?s={search_term_string}"},"query-input":"required name=search_term_string"}],"inLanguage":"es"}]}},"_links":{"self":[{"href":"https:\/\/bombuy.net\/es\/wp-json\/wp\/v2\/pages\/534"}],"collection":[{"href":"https:\/\/bombuy.net\/es\/wp-json\/wp\/v2\/pages"}],"about":[{"href":"https:\/\/bombuy.net\/es\/wp-json\/wp\/v2\/types\/page"}],"author":[{"embeddable":true,"href":"https:\/\/bombuy.net\/es\/wp-json\/wp\/v2\/users\/2"}],"replies":[{"embeddable":true,"href":"https:\/\/bombuy.net\/es\/wp-json\/wp\/v2\/comments?post=534"}],"version-history":[{"count":3,"href":"https:\/\/bombuy.net\/es\/wp-json\/wp\/v2\/pages\/534\/revisions"}],"predecessor-version":[{"id":614,"href":"https:\/\/bombuy.net\/es\/wp-json\/wp\/v2\/pages\/534\/revisions\/614"}],"up":[{"embeddable":true,"href":"https:\/\/bombuy.net\/es\/wp-json\/wp\/v2\/pages\/529"}],"wp:attachment":[{"href":"https:\/\/bombuy.net\/es\/wp-json\/wp\/v2\/media?parent=534"}],"wp:term":[{"taxonomy":"page_tag","embeddable":true,"href":"https:\/\/bombuy.net\/es\/wp-json\/wp\/v2\/page_tag?post=534"}],"curies":[{"name":"wp","href":"https:\/\/api.w.org\/{rel}","templated":true}]}}