{"id":532,"date":"2022-01-19T12:00:33","date_gmt":"2022-01-19T11:00:33","guid":{"rendered":"http:\/\/bombuy.net\/arees-de-practiques\/dret-laboral-i-de-la-seguretat-social\/"},"modified":"2022-04-28T11:04:14","modified_gmt":"2022-04-28T10:04:14","slug":"derecho-laboral-y-de-la-seguridad-social","status":"publish","type":"page","link":"https:\/\/bombuy.net\/es\/areas-de-practica\/derecho-laboral-y-de-la-seguridad-social\/","title":{"rendered":"Derecho laboral y de la seguridad social"},"content":{"rendered":"\n\n<div id=\"page-top-block_61a89a9833c45\" class=\"page-top-block mb-14 md:mb-20\">\n\t\t\t\n\t\n\t<div class=\"relative\">\n\n\t\t<div class=\"py-14 md:py-24 bg-brand text-off-white\">\n\t\t\t\n\t\t\t<div class=\"container\">\n\n\t\t\t\t<div class=\"md:w-1\/2 md:pr-20 xl:pr-30 md:flex md:flex-col md:justify-between h-full\">\n\t\t\t\t\t\n\t\t\t\t\t<div>\n\n\t\t\t\t\t\t\t\t\t\t\t\t\t<h2 class=\"uppercase mb-1 text-lg font-normal\">\u00c0rees de Pr\u00e0ctica  \/<\/h2>\n\t\t\t\t\t\t\n\t\t\t\t\t\t<h1 class=\"h1 mb-0 font-medium\">Dret laboral i de la seguretat social<\/h1>\n\n\t\t\t\t\t<\/div>\n\n\t\t\t\t<\/div>\n\n\t\t\t<\/div>\t\t\t\n\n\t\t<\/div>\n\n\t\t<div class=\"md:absolute top-0 right-0 z-1 w-full pointer-events-none js-block-min-height\">\n\t\t\t\n\t\t\t<div class=\"md:px-20 xl:px-30 md:flex justify-end container\">\n\t\t\t\t\n\t\t\t\t<div class=\"md:w-5\/12\">\n\n\t\t\t\t\t<img decoding=\"async\" class=\"block border\" src=\"https:\/\/bombuy.net\/wp-content\/uploads\/2022\/01\/Bombuy-advocats-dret-laboral-seguretat-social.jpg\" alt=\"\">\n\n\t\t\t\t\t<div class=\"hidden md:block pt-20\">\n\t\t\t\t\n\t\t\t\t\t\t\n\t<h5 class=\"uppercase mb-6\">\n\t\t\n\t\tOtras \u00e1reas de pr\u00e1ctica\n\t<\/h5>\n\n\t<ul class=\"pages-list border-t pointer-events-auto mb-32 md:mb-0\">\n\t\t\n\t\t\n\t\t\t<li class=\"border-b py-6\">\n\t\t\t\n\t\t\t\t<a class=\"font-serif leading-none font-medium text-xl block arrow-right-after pr-24\" href=\"https:\/\/bombuy.net\/es\/areas-de-practica\/patrimonio-y-herencias\/\">\n\t\t\t\t\t\n\t\t\t\t\tPatrimonio y Herencias\n\t\t\t\t<\/a>\n\n\t\t\t<\/li>\n\n\t\t\n\t\t\t<li class=\"border-b py-6\">\n\t\t\t\n\t\t\t\t<a class=\"font-serif leading-none font-medium text-xl block arrow-right-after pr-24\" href=\"https:\/\/bombuy.net\/es\/areas-de-practica\/derecho-penal\/\">\n\t\t\t\t\t\n\t\t\t\t\tDerecho penal\n\t\t\t\t<\/a>\n\n\t\t\t<\/li>\n\n\t\t\n\t\t\t<li class=\"border-b py-6\">\n\t\t\t\n\t\t\t\t<a class=\"font-serif leading-none font-medium text-xl block arrow-right-after pr-24\" href=\"https:\/\/bombuy.net\/es\/areas-de-practica\/derecho-de-empresa-y-derecho-del-consumo\/\">\n\t\t\t\t\t\n\t\t\t\t\tDerecho de empresa y derecho del consumo\n\t\t\t\t<\/a>\n\n\t\t\t<\/li>\n\n\t\t\n\t\t\t<li class=\"border-b py-6\">\n\t\t\t\n\t\t\t\t<a class=\"font-serif leading-none font-medium text-xl block arrow-right-after pr-24\" href=\"https:\/\/bombuy.net\/es\/areas-de-practica\/derecho-civil-y-derecho-de-familia\/\">\n\t\t\t\t\t\n\t\t\t\t\tDerecho civil y derecho de familia\n\t\t\t\t<\/a>\n\n\t\t\t<\/li>\n\n\t\t\n\t<\/ul>\n\n\t\t\t\t\t\n\t\t\t\t\t<\/div>\n\n\t\t\t\t<\/div>\n\n\t\t\t<\/div>\n\n\n\n\t\t<\/div>\n\n\t<\/div>\n\n<\/div>\n\n\n\n\n<div class=\"is-layout-flex wp-container-3 wp-block-columns\">\n<div class=\"is-layout-flow wp-block-column\">\n<p>Asesoramiento en todos los \u00e1mbitos del Derecho del Trabajo y de la Seguridad Social dirigido a clientes particulares y empresas.<br><br>Nuestros servicios incluyen desde la fase previa al inicio de la relaci\u00f3n laboral \u2013 asesoramiento y redacci\u00f3n de las diferentes modalidades de contrataci\u00f3n, condiciones laborales particulares, subrogaci\u00f3n de plantillas y sucesi\u00f3n de empresas, etc.- pasando por todos los aspectos derivados de la relaci\u00f3n jur\u00eddica entre empresa y personas trabajadoras \u2013 condiciones salariales, vacaciones, permisos, descansos, conciliaci\u00f3n de la vida laboral y familiar, movilidades geogr\u00e1ficas, modificaciones de las condiciones de trabajo, r\u00e9gimen disciplinario, relaciones sindicales, negociaci\u00f3n colectiva, planes de igualdad, etc.- hasta la extinci\u00f3n de los contratos de trabajo \u2013 despidos, finalizaci\u00f3n de contratos de trabajo, expedientes de regulaci\u00f3n de empleo, etc.<br><br>Ofrecemos orientaci\u00f3n jur\u00eddica en el cumplimiento de la normativa de prevenci\u00f3n de riesgos laborales, en los procedimientos inspectores y sancionadores en todas las materias, incluyendo los accidentes de trabajo y recargo de prestaciones por faltas de medidas de seguridad.<br><br>Asesoramiento integral en materia de prestaciones de la Seguridad Social, estudio de la situaci\u00f3n personal de cada beneficiario, solicitudes y reclamaciones, procedimientos judiciales en materia prestacional (viudedad, jubilaciones, incapacidades permanentes, etc). Solicitudes y revisiones de grado en procedimientos de discapacidad.<br><\/p>\n\n\n\n\n<div id=\"tags-block_61a8a360cd764\" class=\"tags-block mb-14 md:mb-20\">\n\t\t\t\n\t\n\t\t\t<div class=\"text-sm\">Accidentes de trabajo, Condiciones de trabajo, Contrataci\u00f3n, ERES\/ ERTES, Inspecci\u00f3n de Trabajo y Seguridad Social, Prestaciones de la Seguridad Social, Prevenci\u00f3n de Riesgos Laborales, Procedimiento sancionador<\/div>\n\n\n<\/div>\n\n<\/div>\n\n\n\n<div class=\"is-layout-flow wp-block-column\"><\/div>\n<\/div>\n","protected":false},"excerpt":{"rendered":"<p>Asesoramiento en todos los \u00e1mbitos del Derecho del Trabajo y de la Seguridad Social dirigido a clientes particulares y empresas. Nuestros servicios incluyen desde la fase previa al inicio de la relaci\u00f3n laboral \u2013 asesoramiento y redacci\u00f3n de las diferentes modalidades de contrataci\u00f3n, condiciones laborales particulares, subrogaci\u00f3n de plantillas y sucesi\u00f3n de empresas, etc.- pasando&nbsp; <a href=\"https:\/\/bombuy.net\/es\/areas-de-practica\/derecho-laboral-y-de-la-seguridad-social\/\">&hellip; Read more <i class=\"glyphicon glyphicon-arrow-right\"><\/i><\/a><\/p>\n","protected":false},"author":2,"featured_media":0,"parent":529,"menu_order":1,"comment_status":"closed","ping_status":"closed","template":"","meta":[],"page_tag":[173,175,174,176,177,180,178,179],"acf":[],"yoast_head":"<!-- This site is optimized with the Yoast SEO plugin v21.1 - https:\/\/yoast.com\/wordpress\/plugins\/seo\/ -->\n<title>Derecho laboral y de la seguridad social - Bombuy\/AAC<\/title>\n<meta name=\"robots\" content=\"index, follow, max-snippet:-1, max-image-preview:large, max-video-preview:-1\" \/>\n<link rel=\"canonical\" href=\"https:\/\/bombuy.net\/es\/areas-de-practica\/derecho-laboral-y-de-la-seguridad-social\/\" \/>\n<meta property=\"og:locale\" content=\"es_ES\" \/>\n<meta property=\"og:type\" content=\"article\" \/>\n<meta property=\"og:title\" content=\"Derecho laboral y de la seguridad social - Bombuy\/AAC\" \/>\n<meta property=\"og:description\" content=\"Asesoramiento en todos los \u00e1mbitos del Derecho del Trabajo y de la Seguridad Social dirigido a clientes particulares y empresas. Nuestros servicios incluyen desde la fase previa al inicio de la relaci\u00f3n laboral \u2013 asesoramiento y redacci\u00f3n de las diferentes modalidades de contrataci\u00f3n, condiciones laborales particulares, subrogaci\u00f3n de plantillas y sucesi\u00f3n de empresas, etc.- pasando&nbsp; &hellip; Read more\" \/>\n<meta property=\"og:url\" content=\"https:\/\/bombuy.net\/es\/areas-de-practica\/derecho-laboral-y-de-la-seguridad-social\/\" \/>\n<meta property=\"og:site_name\" content=\"Bombuy\/AAC\" \/>\n<meta property=\"article:modified_time\" content=\"2022-04-28T10:04:14+00:00\" \/>\n<meta name=\"twitter:card\" content=\"summary_large_image\" \/>\n<meta name=\"twitter:label1\" content=\"Tiempo de lectura\" \/>\n\t<meta name=\"twitter:data1\" content=\"2 minutos\" \/>\n<script type=\"application\/ld+json\" class=\"yoast-schema-graph\">{\"@context\":\"https:\/\/schema.org\",\"@graph\":[{\"@type\":\"WebPage\",\"@id\":\"https:\/\/bombuy.net\/es\/areas-de-practica\/derecho-laboral-y-de-la-seguridad-social\/\",\"url\":\"https:\/\/bombuy.net\/es\/areas-de-practica\/derecho-laboral-y-de-la-seguridad-social\/\",\"name\":\"Derecho laboral y de la seguridad social - Bombuy\/AAC\",\"isPartOf\":{\"@id\":\"https:\/\/bombuy.net\/es\/#website\"},\"datePublished\":\"2022-01-19T11:00:33+00:00\",\"dateModified\":\"2022-04-28T10:04:14+00:00\",\"breadcrumb\":{\"@id\":\"https:\/\/bombuy.net\/es\/areas-de-practica\/derecho-laboral-y-de-la-seguridad-social\/#breadcrumb\"},\"inLanguage\":\"es\",\"potentialAction\":[{\"@type\":\"ReadAction\",\"target\":[\"https:\/\/bombuy.net\/es\/areas-de-practica\/derecho-laboral-y-de-la-seguridad-social\/\"]}]},{\"@type\":\"BreadcrumbList\",\"@id\":\"https:\/\/bombuy.net\/es\/areas-de-practica\/derecho-laboral-y-de-la-seguridad-social\/#breadcrumb\",\"itemListElement\":[{\"@type\":\"ListItem\",\"position\":1,\"name\":\"Inici\",\"item\":\"https:\/\/bombuy.net\/es\/\"},{\"@type\":\"ListItem\",\"position\":2,\"name\":\"\u00c1reas de pr\u00e1ctica\",\"item\":\"https:\/\/bombuy.net\/es\/areas-de-practica\/\"},{\"@type\":\"ListItem\",\"position\":3,\"name\":\"Derecho laboral y de la seguridad social\"}]},{\"@type\":\"WebSite\",\"@id\":\"https:\/\/bombuy.net\/es\/#website\",\"url\":\"https:\/\/bombuy.net\/es\/\",\"name\":\"Bombuy\/AAC\",\"description\":\"Advocats \u2014 Assessors \u2014 Consultors\",\"potentialAction\":[{\"@type\":\"SearchAction\",\"target\":{\"@type\":\"EntryPoint\",\"urlTemplate\":\"https:\/\/bombuy.net\/es\/?s={search_term_string}\"},\"query-input\":\"required name=search_term_string\"}],\"inLanguage\":\"es\"}]}<\/script>\n<!-- \/ Yoast SEO plugin. -->","yoast_head_json":{"title":"Derecho laboral y de la seguridad social - Bombuy\/AAC","robots":{"index":"index","follow":"follow","max-snippet":"max-snippet:-1","max-image-preview":"max-image-preview:large","max-video-preview":"max-video-preview:-1"},"canonical":"https:\/\/bombuy.net\/es\/areas-de-practica\/derecho-laboral-y-de-la-seguridad-social\/","og_locale":"es_ES","og_type":"article","og_title":"Derecho laboral y de la seguridad social - Bombuy\/AAC","og_description":"Asesoramiento en todos los \u00e1mbitos del Derecho del Trabajo y de la Seguridad Social dirigido a clientes particulares y empresas. Nuestros servicios incluyen desde la fase previa al inicio de la relaci\u00f3n laboral \u2013 asesoramiento y redacci\u00f3n de las diferentes modalidades de contrataci\u00f3n, condiciones laborales particulares, subrogaci\u00f3n de plantillas y sucesi\u00f3n de empresas, etc.- pasando&nbsp; &hellip; Read more","og_url":"https:\/\/bombuy.net\/es\/areas-de-practica\/derecho-laboral-y-de-la-seguridad-social\/","og_site_name":"Bombuy\/AAC","article_modified_time":"2022-04-28T10:04:14+00:00","twitter_card":"summary_large_image","twitter_misc":{"Tiempo de lectura":"2 minutos"},"schema":{"@context":"https:\/\/schema.org","@graph":[{"@type":"WebPage","@id":"https:\/\/bombuy.net\/es\/areas-de-practica\/derecho-laboral-y-de-la-seguridad-social\/","url":"https:\/\/bombuy.net\/es\/areas-de-practica\/derecho-laboral-y-de-la-seguridad-social\/","name":"Derecho laboral y de la seguridad social - Bombuy\/AAC","isPartOf":{"@id":"https:\/\/bombuy.net\/es\/#website"},"datePublished":"2022-01-19T11:00:33+00:00","dateModified":"2022-04-28T10:04:14+00:00","breadcrumb":{"@id":"https:\/\/bombuy.net\/es\/areas-de-practica\/derecho-laboral-y-de-la-seguridad-social\/#breadcrumb"},"inLanguage":"es","potentialAction":[{"@type":"ReadAction","target":["https:\/\/bombuy.net\/es\/areas-de-practica\/derecho-laboral-y-de-la-seguridad-social\/"]}]},{"@type":"BreadcrumbList","@id":"https:\/\/bombuy.net\/es\/areas-de-practica\/derecho-laboral-y-de-la-seguridad-social\/#breadcrumb","itemListElement":[{"@type":"ListItem","position":1,"name":"Inici","item":"https:\/\/bombuy.net\/es\/"},{"@type":"ListItem","position":2,"name":"\u00c1reas de pr\u00e1ctica","item":"https:\/\/bombuy.net\/es\/areas-de-practica\/"},{"@type":"ListItem","position":3,"name":"Derecho laboral y de la seguridad social"}]},{"@type":"WebSite","@id":"https:\/\/bombuy.net\/es\/#website","url":"https:\/\/bombuy.net\/es\/","name":"Bombuy\/AAC","description":"Advocats \u2014 Assessors \u2014 Consultors","potentialAction":[{"@type":"SearchAction","target":{"@type":"EntryPoint","urlTemplate":"https:\/\/bombuy.net\/es\/?s={search_term_string}"},"query-input":"required name=search_term_string"}],"inLanguage":"es"}]}},"_links":{"self":[{"href":"https:\/\/bombuy.net\/es\/wp-json\/wp\/v2\/pages\/532"}],"collection":[{"href":"https:\/\/bombuy.net\/es\/wp-json\/wp\/v2\/pages"}],"about":[{"href":"https:\/\/bombuy.net\/es\/wp-json\/wp\/v2\/types\/page"}],"author":[{"embeddable":true,"href":"https:\/\/bombuy.net\/es\/wp-json\/wp\/v2\/users\/2"}],"replies":[{"embeddable":true,"href":"https:\/\/bombuy.net\/es\/wp-json\/wp\/v2\/comments?post=532"}],"version-history":[{"count":3,"href":"https:\/\/bombuy.net\/es\/wp-json\/wp\/v2\/pages\/532\/revisions"}],"predecessor-version":[{"id":604,"href":"https:\/\/bombuy.net\/es\/wp-json\/wp\/v2\/pages\/532\/revisions\/604"}],"up":[{"embeddable":true,"href":"https:\/\/bombuy.net\/es\/wp-json\/wp\/v2\/pages\/529"}],"wp:attachment":[{"href":"https:\/\/bombuy.net\/es\/wp-json\/wp\/v2\/media?parent=532"}],"wp:term":[{"taxonomy":"page_tag","embeddable":true,"href":"https:\/\/bombuy.net\/es\/wp-json\/wp\/v2\/page_tag?post=532"}],"curies":[{"name":"wp","href":"https:\/\/api.w.org\/{rel}","templated":true}]}}