{"id":531,"date":"2022-01-19T10:15:04","date_gmt":"2022-01-19T09:15:04","guid":{"rendered":"http:\/\/bombuy.net\/arees-de-practiques\/dret-dempresa-i-dret-del-consum\/"},"modified":"2022-04-28T10:59:09","modified_gmt":"2022-04-28T09:59:09","slug":"derecho-de-empresa-y-derecho-del-consumo","status":"publish","type":"page","link":"https:\/\/bombuy.net\/es\/areas-de-practica\/derecho-de-empresa-y-derecho-del-consumo\/","title":{"rendered":"Derecho de empresa y derecho del consumo"},"content":{"rendered":"\n\n<div id=\"page-top-block_61a89a9833c45\" class=\"page-top-block mb-14 md:mb-20\">\n\t\t\t\n\t\n\t<div class=\"relative\">\n\n\t\t<div class=\"py-14 md:py-24 bg-brand text-off-white\">\n\t\t\t\n\t\t\t<div class=\"container\">\n\n\t\t\t\t<div class=\"md:w-1\/2 md:pr-20 xl:pr-30 md:flex md:flex-col md:justify-between h-full\">\n\t\t\t\t\t\n\t\t\t\t\t<div>\n\n\t\t\t\t\t\t\t\t\t\t\t\t\t<h2 class=\"uppercase mb-1 text-lg font-normal\">\u00c1reas de pr\u00e1ctica  \/<\/h2>\n\t\t\t\t\t\t\n\t\t\t\t\t\t<h1 class=\"h1 mb-0 font-medium\">Derecho de empresa y Derecho del consumo<\/h1>\n\n\t\t\t\t\t<\/div>\n\n\t\t\t\t<\/div>\n\n\t\t\t<\/div>\t\t\t\n\n\t\t<\/div>\n\n\t\t<div class=\"md:absolute top-0 right-0 z-1 w-full pointer-events-none js-block-min-height\">\n\t\t\t\n\t\t\t<div class=\"md:px-20 xl:px-30 md:flex justify-end container\">\n\t\t\t\t\n\t\t\t\t<div class=\"md:w-5\/12\">\n\n\t\t\t\t\t<img decoding=\"async\" class=\"block border\" src=\"https:\/\/bombuy.net\/wp-content\/uploads\/2022\/01\/Bombuy-advocats-dret-empresa-dret-consum.jpg\" alt=\"\">\n\n\t\t\t\t\t<div class=\"hidden md:block pt-20\">\n\t\t\t\t\n\t\t\t\t\t\t\n\t<h5 class=\"uppercase mb-6\">\n\t\t\n\t\tOtras \u00e1reas de pr\u00e1ctica\n\t<\/h5>\n\n\t<ul class=\"pages-list border-t pointer-events-auto mb-32 md:mb-0\">\n\t\t\n\t\t\n\t\t\t<li class=\"border-b py-6\">\n\t\t\t\n\t\t\t\t<a class=\"font-serif leading-none font-medium text-xl block arrow-right-after pr-24\" href=\"https:\/\/bombuy.net\/es\/areas-de-practica\/patrimonio-y-herencias\/\">\n\t\t\t\t\t\n\t\t\t\t\tPatrimonio y Herencias\n\t\t\t\t<\/a>\n\n\t\t\t<\/li>\n\n\t\t\n\t\t\t<li class=\"border-b py-6\">\n\t\t\t\n\t\t\t\t<a class=\"font-serif leading-none font-medium text-xl block arrow-right-after pr-24\" href=\"https:\/\/bombuy.net\/es\/areas-de-practica\/derecho-penal\/\">\n\t\t\t\t\t\n\t\t\t\t\tDerecho penal\n\t\t\t\t<\/a>\n\n\t\t\t<\/li>\n\n\t\t\n\t\t\t<li class=\"border-b py-6\">\n\t\t\t\n\t\t\t\t<a class=\"font-serif leading-none font-medium text-xl block arrow-right-after pr-24\" href=\"https:\/\/bombuy.net\/es\/areas-de-practica\/derecho-laboral-y-de-la-seguridad-social\/\">\n\t\t\t\t\t\n\t\t\t\t\tDerecho laboral y de la seguridad social\n\t\t\t\t<\/a>\n\n\t\t\t<\/li>\n\n\t\t\n\t\t\t<li class=\"border-b py-6\">\n\t\t\t\n\t\t\t\t<a class=\"font-serif leading-none font-medium text-xl block arrow-right-after pr-24\" href=\"https:\/\/bombuy.net\/es\/areas-de-practica\/derecho-civil-y-derecho-de-familia\/\">\n\t\t\t\t\t\n\t\t\t\t\tDerecho civil y derecho de familia\n\t\t\t\t<\/a>\n\n\t\t\t<\/li>\n\n\t\t\n\t<\/ul>\n\n\t\t\t\t\t\n\t\t\t\t\t<\/div>\n\n\t\t\t\t<\/div>\n\n\t\t\t<\/div>\n\n\n\n\t\t<\/div>\n\n\t<\/div>\n\n<\/div>\n\n\n\n\n<div class=\"is-layout-flex wp-container-3 wp-block-columns\">\n<div class=\"is-layout-flow wp-block-column\">\n<p>Asesoramiento jur\u00eddico integrales a las empresas y profesionales en el \u00e1mbito civil, mercantil y fiscal. Ofrecemos un an\u00e1lisis t\u00e9cnico-jur\u00eddico en materias como contrataci\u00f3n nacional e internacional, acuerdos comerciales, estatutos societarios y normativa interna, constituci\u00f3n y transformaci\u00f3n de sociedades. Tenemos amplia experiencia en procedimientos concursales.<br><br>Orientaci\u00f3n personalizada en el funcionamiento habitual de la sociedad: convocatoria de juntas, modificaciones estatutarias, aumentos y reducciones de capital, compraventa de participaciones, nombramiento de \u00f3rganos de administraci\u00f3n, etc. Intervenci\u00f3n en situaciones de crisis (acciones de responsabilidad contra los administradores, impugnaci\u00f3n de acuerdos sociales, separaci\u00f3n de socios, liquidaciones empresariales) y en procesos de reorganizaci\u00f3n y de crecimiento.<br><br>Asesoramiento a empresas y particulares sobre legislaci\u00f3n de defensa de consumidores y usuarios: reclamaciones judiciales y extrajudiciales, contrataci\u00f3n, garant\u00edas de producto, conformidad del producto y cl\u00e1usulas abusivas.<br><br>Asesoramiento y reclamaci\u00f3n, judicial y extrajudicial, de cl\u00e1usulas abusivas en pr\u00e9stamos, hipotecas y en productos de ahorro e inversi\u00f3n.<br><\/p>\n\n\n\n\n<div id=\"tags-block_61a8a360cd764\" class=\"tags-block mb-14 md:mb-20\">\n\t\t\t\n\t\n\t\t\t<div class=\"text-sm\">Cl\u00e1usulas abusivas, Concurso de acreedores, Conflictos societarios, Constituci\u00f3n de sociedades, Consumidores, Contratos mercantiles, Estatutos de empresa, Fusiones, Garant\u00eda producto, Impugnaci\u00f3n acuerdos sociales, Liquidaci\u00f3n de sociedades, Pr\u00e9stamos, Responsabilidad administrador, Separaci\u00f3n socio<\/div>\n\n\n<\/div>\n\n<\/div>\n\n\n\n<div class=\"is-layout-flow wp-block-column\"><\/div>\n<\/div>\n","protected":false},"excerpt":{"rendered":"<p>Asesoramiento jur\u00eddico integrales a las empresas y profesionales en el \u00e1mbito civil, mercantil y fiscal. Ofrecemos un an\u00e1lisis t\u00e9cnico-jur\u00eddico en materias como contrataci\u00f3n nacional e internacional, acuerdos comerciales, estatutos societarios y normativa interna, constituci\u00f3n y transformaci\u00f3n de sociedades. Tenemos amplia experiencia en procedimientos concursales. Orientaci\u00f3n personalizada en el funcionamiento habitual de la sociedad: convocatoria de&nbsp; <a href=\"https:\/\/bombuy.net\/es\/areas-de-practica\/derecho-de-empresa-y-derecho-del-consumo\/\">&hellip; Read more <i class=\"glyphicon glyphicon-arrow-right\"><\/i><\/a><\/p>\n","protected":false},"author":2,"featured_media":0,"parent":529,"menu_order":1,"comment_status":"closed","ping_status":"closed","template":"","meta":[],"page_tag":[169,159,171,160,167,170,161,163,168,166,162,172,164,165],"acf":[],"yoast_head":"<!-- This site is optimized with the Yoast SEO plugin v21.1 - https:\/\/yoast.com\/wordpress\/plugins\/seo\/ -->\n<title>Derecho de empresa y derecho del consumo - Bombuy\/AAC<\/title>\n<meta name=\"robots\" content=\"index, follow, max-snippet:-1, max-image-preview:large, max-video-preview:-1\" \/>\n<link rel=\"canonical\" href=\"https:\/\/bombuy.net\/es\/areas-de-practica\/derecho-de-empresa-y-derecho-del-consumo\/\" \/>\n<meta property=\"og:locale\" content=\"es_ES\" \/>\n<meta property=\"og:type\" content=\"article\" \/>\n<meta property=\"og:title\" content=\"Derecho de empresa y derecho del consumo - Bombuy\/AAC\" \/>\n<meta property=\"og:description\" content=\"Asesoramiento jur\u00eddico integrales a las empresas y profesionales en el \u00e1mbito civil, mercantil y fiscal. Ofrecemos un an\u00e1lisis t\u00e9cnico-jur\u00eddico en materias como contrataci\u00f3n nacional e internacional, acuerdos comerciales, estatutos societarios y normativa interna, constituci\u00f3n y transformaci\u00f3n de sociedades. Tenemos amplia experiencia en procedimientos concursales. Orientaci\u00f3n personalizada en el funcionamiento habitual de la sociedad: convocatoria de&nbsp; &hellip; Read more\" \/>\n<meta property=\"og:url\" content=\"https:\/\/bombuy.net\/es\/areas-de-practica\/derecho-de-empresa-y-derecho-del-consumo\/\" \/>\n<meta property=\"og:site_name\" content=\"Bombuy\/AAC\" \/>\n<meta property=\"article:modified_time\" content=\"2022-04-28T09:59:09+00:00\" \/>\n<meta name=\"twitter:card\" content=\"summary_large_image\" \/>\n<meta name=\"twitter:label1\" content=\"Tiempo de lectura\" \/>\n\t<meta name=\"twitter:data1\" content=\"1 minuto\" \/>\n<script type=\"application\/ld+json\" class=\"yoast-schema-graph\">{\"@context\":\"https:\/\/schema.org\",\"@graph\":[{\"@type\":\"WebPage\",\"@id\":\"https:\/\/bombuy.net\/es\/areas-de-practica\/derecho-de-empresa-y-derecho-del-consumo\/\",\"url\":\"https:\/\/bombuy.net\/es\/areas-de-practica\/derecho-de-empresa-y-derecho-del-consumo\/\",\"name\":\"Derecho de empresa y derecho del consumo - Bombuy\/AAC\",\"isPartOf\":{\"@id\":\"https:\/\/bombuy.net\/es\/#website\"},\"datePublished\":\"2022-01-19T09:15:04+00:00\",\"dateModified\":\"2022-04-28T09:59:09+00:00\",\"breadcrumb\":{\"@id\":\"https:\/\/bombuy.net\/es\/areas-de-practica\/derecho-de-empresa-y-derecho-del-consumo\/#breadcrumb\"},\"inLanguage\":\"es\",\"potentialAction\":[{\"@type\":\"ReadAction\",\"target\":[\"https:\/\/bombuy.net\/es\/areas-de-practica\/derecho-de-empresa-y-derecho-del-consumo\/\"]}]},{\"@type\":\"BreadcrumbList\",\"@id\":\"https:\/\/bombuy.net\/es\/areas-de-practica\/derecho-de-empresa-y-derecho-del-consumo\/#breadcrumb\",\"itemListElement\":[{\"@type\":\"ListItem\",\"position\":1,\"name\":\"Inici\",\"item\":\"https:\/\/bombuy.net\/es\/\"},{\"@type\":\"ListItem\",\"position\":2,\"name\":\"\u00c1reas de pr\u00e1ctica\",\"item\":\"https:\/\/bombuy.net\/es\/areas-de-practica\/\"},{\"@type\":\"ListItem\",\"position\":3,\"name\":\"Derecho de empresa y derecho del consumo\"}]},{\"@type\":\"WebSite\",\"@id\":\"https:\/\/bombuy.net\/es\/#website\",\"url\":\"https:\/\/bombuy.net\/es\/\",\"name\":\"Bombuy\/AAC\",\"description\":\"Advocats \u2014 Assessors \u2014 Consultors\",\"potentialAction\":[{\"@type\":\"SearchAction\",\"target\":{\"@type\":\"EntryPoint\",\"urlTemplate\":\"https:\/\/bombuy.net\/es\/?s={search_term_string}\"},\"query-input\":\"required name=search_term_string\"}],\"inLanguage\":\"es\"}]}<\/script>\n<!-- \/ Yoast SEO plugin. -->","yoast_head_json":{"title":"Derecho de empresa y derecho del consumo - Bombuy\/AAC","robots":{"index":"index","follow":"follow","max-snippet":"max-snippet:-1","max-image-preview":"max-image-preview:large","max-video-preview":"max-video-preview:-1"},"canonical":"https:\/\/bombuy.net\/es\/areas-de-practica\/derecho-de-empresa-y-derecho-del-consumo\/","og_locale":"es_ES","og_type":"article","og_title":"Derecho de empresa y derecho del consumo - Bombuy\/AAC","og_description":"Asesoramiento jur\u00eddico integrales a las empresas y profesionales en el \u00e1mbito civil, mercantil y fiscal. Ofrecemos un an\u00e1lisis t\u00e9cnico-jur\u00eddico en materias como contrataci\u00f3n nacional e internacional, acuerdos comerciales, estatutos societarios y normativa interna, constituci\u00f3n y transformaci\u00f3n de sociedades. Tenemos amplia experiencia en procedimientos concursales. Orientaci\u00f3n personalizada en el funcionamiento habitual de la sociedad: convocatoria de&nbsp; &hellip; Read more","og_url":"https:\/\/bombuy.net\/es\/areas-de-practica\/derecho-de-empresa-y-derecho-del-consumo\/","og_site_name":"Bombuy\/AAC","article_modified_time":"2022-04-28T09:59:09+00:00","twitter_card":"summary_large_image","twitter_misc":{"Tiempo de lectura":"1 minuto"},"schema":{"@context":"https:\/\/schema.org","@graph":[{"@type":"WebPage","@id":"https:\/\/bombuy.net\/es\/areas-de-practica\/derecho-de-empresa-y-derecho-del-consumo\/","url":"https:\/\/bombuy.net\/es\/areas-de-practica\/derecho-de-empresa-y-derecho-del-consumo\/","name":"Derecho de empresa y derecho del consumo - Bombuy\/AAC","isPartOf":{"@id":"https:\/\/bombuy.net\/es\/#website"},"datePublished":"2022-01-19T09:15:04+00:00","dateModified":"2022-04-28T09:59:09+00:00","breadcrumb":{"@id":"https:\/\/bombuy.net\/es\/areas-de-practica\/derecho-de-empresa-y-derecho-del-consumo\/#breadcrumb"},"inLanguage":"es","potentialAction":[{"@type":"ReadAction","target":["https:\/\/bombuy.net\/es\/areas-de-practica\/derecho-de-empresa-y-derecho-del-consumo\/"]}]},{"@type":"BreadcrumbList","@id":"https:\/\/bombuy.net\/es\/areas-de-practica\/derecho-de-empresa-y-derecho-del-consumo\/#breadcrumb","itemListElement":[{"@type":"ListItem","position":1,"name":"Inici","item":"https:\/\/bombuy.net\/es\/"},{"@type":"ListItem","position":2,"name":"\u00c1reas de pr\u00e1ctica","item":"https:\/\/bombuy.net\/es\/areas-de-practica\/"},{"@type":"ListItem","position":3,"name":"Derecho de empresa y derecho del consumo"}]},{"@type":"WebSite","@id":"https:\/\/bombuy.net\/es\/#website","url":"https:\/\/bombuy.net\/es\/","name":"Bombuy\/AAC","description":"Advocats \u2014 Assessors \u2014 Consultors","potentialAction":[{"@type":"SearchAction","target":{"@type":"EntryPoint","urlTemplate":"https:\/\/bombuy.net\/es\/?s={search_term_string}"},"query-input":"required name=search_term_string"}],"inLanguage":"es"}]}},"_links":{"self":[{"href":"https:\/\/bombuy.net\/es\/wp-json\/wp\/v2\/pages\/531"}],"collection":[{"href":"https:\/\/bombuy.net\/es\/wp-json\/wp\/v2\/pages"}],"about":[{"href":"https:\/\/bombuy.net\/es\/wp-json\/wp\/v2\/types\/page"}],"author":[{"embeddable":true,"href":"https:\/\/bombuy.net\/es\/wp-json\/wp\/v2\/users\/2"}],"replies":[{"embeddable":true,"href":"https:\/\/bombuy.net\/es\/wp-json\/wp\/v2\/comments?post=531"}],"version-history":[{"count":4,"href":"https:\/\/bombuy.net\/es\/wp-json\/wp\/v2\/pages\/531\/revisions"}],"predecessor-version":[{"id":601,"href":"https:\/\/bombuy.net\/es\/wp-json\/wp\/v2\/pages\/531\/revisions\/601"}],"up":[{"embeddable":true,"href":"https:\/\/bombuy.net\/es\/wp-json\/wp\/v2\/pages\/529"}],"wp:attachment":[{"href":"https:\/\/bombuy.net\/es\/wp-json\/wp\/v2\/media?parent=531"}],"wp:term":[{"taxonomy":"page_tag","embeddable":true,"href":"https:\/\/bombuy.net\/es\/wp-json\/wp\/v2\/page_tag?post=531"}],"curies":[{"name":"wp","href":"https:\/\/api.w.org\/{rel}","templated":true}]}}