{"id":530,"date":"2021-11-29T12:03:59","date_gmt":"2021-11-29T11:03:59","guid":{"rendered":"http:\/\/bombuy.net\/arees-de-practiques\/dret-civil-i-dret-de-familia\/"},"modified":"2022-04-28T10:51:32","modified_gmt":"2022-04-28T09:51:32","slug":"derecho-civil-y-derecho-de-familia","status":"publish","type":"page","link":"https:\/\/bombuy.net\/es\/areas-de-practica\/derecho-civil-y-derecho-de-familia\/","title":{"rendered":"Derecho civil y derecho de familia"},"content":{"rendered":"\n\n<div id=\"page-top-block_61a89a9833c45\" class=\"page-top-block mb-14 md:mb-20\">\n\t\t\t\n\t\n\t<div class=\"relative\">\n\n\t\t<div class=\"py-14 md:py-24 bg-brand text-off-white\">\n\t\t\t\n\t\t\t<div class=\"container\">\n\n\t\t\t\t<div class=\"md:w-1\/2 md:pr-20 xl:pr-30 md:flex md:flex-col md:justify-between h-full\">\n\t\t\t\t\t\n\t\t\t\t\t<div>\n\n\t\t\t\t\t\t\t\t\t\t\t\t\t<h2 class=\"uppercase mb-1 text-lg font-normal\">\u00c1reas de pr\u00e1ctica  \/<\/h2>\n\t\t\t\t\t\t\n\t\t\t\t\t\t<h1 class=\"h1 mb-0 font-medium\">Derecho civil y Derecho de familia<\/h1>\n\n\t\t\t\t\t<\/div>\n\n\t\t\t\t<\/div>\n\n\t\t\t<\/div>\t\t\t\n\n\t\t<\/div>\n\n\t\t<div class=\"md:absolute top-0 right-0 z-1 w-full pointer-events-none js-block-min-height\">\n\t\t\t\n\t\t\t<div class=\"md:px-20 xl:px-30 md:flex justify-end container\">\n\t\t\t\t\n\t\t\t\t<div class=\"md:w-5\/12\">\n\n\t\t\t\t\t<img decoding=\"async\" class=\"block border\" src=\"https:\/\/bombuy.net\/wp-content\/uploads\/2022\/01\/Bombuy-advocats-dret-civil-dret-familia.jpg\" alt=\"\">\n\n\t\t\t\t\t<div class=\"hidden md:block pt-20\">\n\t\t\t\t\n\t\t\t\t\t\t\n\t<h5 class=\"uppercase mb-6\">\n\t\t\n\t\tOtras \u00e1reas de pr\u00e1ctica\n\t<\/h5>\n\n\t<ul class=\"pages-list border-t pointer-events-auto mb-32 md:mb-0\">\n\t\t\n\t\t\n\t\t\t<li class=\"border-b py-6\">\n\t\t\t\n\t\t\t\t<a class=\"font-serif leading-none font-medium text-xl block arrow-right-after pr-24\" href=\"https:\/\/bombuy.net\/es\/areas-de-practica\/patrimonio-y-herencias\/\">\n\t\t\t\t\t\n\t\t\t\t\tPatrimonio y Herencias\n\t\t\t\t<\/a>\n\n\t\t\t<\/li>\n\n\t\t\n\t\t\t<li class=\"border-b py-6\">\n\t\t\t\n\t\t\t\t<a class=\"font-serif leading-none font-medium text-xl block arrow-right-after pr-24\" href=\"https:\/\/bombuy.net\/es\/areas-de-practica\/derecho-penal\/\">\n\t\t\t\t\t\n\t\t\t\t\tDerecho penal\n\t\t\t\t<\/a>\n\n\t\t\t<\/li>\n\n\t\t\n\t\t\t<li class=\"border-b py-6\">\n\t\t\t\n\t\t\t\t<a class=\"font-serif leading-none font-medium text-xl block arrow-right-after pr-24\" href=\"https:\/\/bombuy.net\/es\/areas-de-practica\/derecho-laboral-y-de-la-seguridad-social\/\">\n\t\t\t\t\t\n\t\t\t\t\tDerecho laboral y de la seguridad social\n\t\t\t\t<\/a>\n\n\t\t\t<\/li>\n\n\t\t\n\t\t\t<li class=\"border-b py-6\">\n\t\t\t\n\t\t\t\t<a class=\"font-serif leading-none font-medium text-xl block arrow-right-after pr-24\" href=\"https:\/\/bombuy.net\/es\/areas-de-practica\/derecho-de-empresa-y-derecho-del-consumo\/\">\n\t\t\t\t\t\n\t\t\t\t\tDerecho de empresa y derecho del consumo\n\t\t\t\t<\/a>\n\n\t\t\t<\/li>\n\n\t\t\n\t<\/ul>\n\n\t\t\t\t\t\n\t\t\t\t\t<\/div>\n\n\t\t\t\t<\/div>\n\n\t\t\t<\/div>\n\n\n\n\t\t<\/div>\n\n\t<\/div>\n\n<\/div>\n\n\n\n\n<div class=\"is-layout-flex wp-container-3 wp-block-columns\">\n<div class=\"is-layout-flow wp-block-column\">\n<p>Asesoramiento y defensa t\u00e9cnico-jur\u00eddica en materia civil para clientes particulares, profesionales, empresas y comunidades de propietarios, tanto en v\u00eda extrajudicial como ante las distintas instancias judiciales.<\/p>\n\n\n\n<p><br>Tenemos una amplia experiencia en los distintos \u00e1mbitos del derecho civil como la contrataci\u00f3n, responsabilidad contractual, arrendamientos, desahucios y ocupaciones, as\u00ed como ejecuciones hipotecarias o daciones en pago. Tambi\u00e9n proporcionamos asesoramiento en derecho bancario, reclamaci\u00f3n de cl\u00e1usulas abusivas, etc.<br><br>Prestamos servicios de asesoramiento y negociaci\u00f3n en materia de responsabilidad extracontractual, accidentes de tr\u00e1fico, reclamaciones de lesiones y da\u00f1os, ante cualquier tipo de siniestros, as\u00ed como reclamaciones ante la propia compa\u00f1\u00eda de seguros, por discrepancias en valoraciones o por falta de cobertura.<br><br>Ofrecemos asesoramiento en la aplicaci\u00f3n de la ley de la segunda oportunidad, desde su inicio, para dar salida a aquellas personas que se encuentran inmersas en situaciones de sobreendeudamiento.<\/p>\n\n\n\n<p><br>Prestamos especial atenci\u00f3n al derecho matrimonial y de familia (filiaci\u00f3n, separaciones y divorcios, extinciones de parejas de hecho, guarda y custodia, pensiones de alimentos y liquidaciones o repartimiento del patrimonio conjunto), tanto en procedimientos de mutuo acuerdo, notariales y judiciales, como en procedimientos contenciosos. Redactamos amplios convenios reguladores personalizados a les necesidades de cada familia.<br><br>Tambi\u00e9n realizamos los tr\u00e1mites necesarios para llevar a cabo la incapacitaci\u00f3n judicial, que actualmente se conoce como procedimiento de solicitud de medidas de apoyo a personas con discapacidad, con designa de curador con o sin facultades de representaci\u00f3n.<br><\/p>\n\n\n\n\n<div id=\"tags-block_61a8a360cd764\" class=\"tags-block mb-14 md:mb-20\">\n\t\t\t\n\t\n\t\t\t<div class=\"text-sm\">Accidentes de tr\u00e1fico, Convenio regulador, Curador, Da\u00f1os, Desahucios, Discapacidad, Divorcio, Divorcio notarial, Ejecuci\u00f3n hipotecaria, Guardia y custodia, Herencias, Impago, Impugnaci\u00f3n de actos de junta comunidad, Incapacidad, Juicio, Lesiones, Ocupaciones, Reclamaciones de cantidad, Redacci\u00f3n de contratos, Responsabilidad patrimonial, Segunda oportunidad, Testamentos<\/div>\n\n\n<\/div>\n\n<\/div>\n\n\n\n<div class=\"is-layout-flow wp-block-column\"><\/div>\n<\/div>\n","protected":false},"excerpt":{"rendered":"<p>Asesoramiento y defensa t\u00e9cnico-jur\u00eddica en materia civil para clientes particulares, profesionales, empresas y comunidades de propietarios, tanto en v\u00eda extrajudicial como ante las distintas instancias judiciales. Tenemos una amplia experiencia en los distintos \u00e1mbitos del derecho civil como la contrataci\u00f3n, responsabilidad contractual, arrendamientos, desahucios y ocupaciones, as\u00ed como ejecuciones hipotecarias o daciones en pago. Tambi\u00e9n&nbsp; <a href=\"https:\/\/bombuy.net\/es\/areas-de-practica\/derecho-civil-y-derecho-de-familia\/\">&hellip; Read more <i class=\"glyphicon glyphicon-arrow-right\"><\/i><\/a><\/p>\n","protected":false},"author":1,"featured_media":0,"parent":529,"menu_order":1,"comment_status":"closed","ping_status":"closed","template":"","meta":[],"page_tag":[138,151,45,140,153,157,149,152,142,150,143,146,155,156,145,141,154,147,139,158,148,144],"acf":[],"yoast_head":"<!-- This site is optimized with the Yoast SEO plugin v21.1 - https:\/\/yoast.com\/wordpress\/plugins\/seo\/ -->\n<title>Derecho civil y derecho de familia - Bombuy\/AAC<\/title>\n<meta name=\"robots\" content=\"index, follow, max-snippet:-1, max-image-preview:large, max-video-preview:-1\" \/>\n<link rel=\"canonical\" href=\"https:\/\/bombuy.net\/es\/areas-de-practica\/derecho-civil-y-derecho-de-familia\/\" \/>\n<meta property=\"og:locale\" content=\"es_ES\" \/>\n<meta property=\"og:type\" content=\"article\" \/>\n<meta property=\"og:title\" content=\"Derecho civil y derecho de familia - Bombuy\/AAC\" \/>\n<meta property=\"og:description\" content=\"Asesoramiento y defensa t\u00e9cnico-jur\u00eddica en materia civil para clientes particulares, profesionales, empresas y comunidades de propietarios, tanto en v\u00eda extrajudicial como ante las distintas instancias judiciales. Tenemos una amplia experiencia en los distintos \u00e1mbitos del derecho civil como la contrataci\u00f3n, responsabilidad contractual, arrendamientos, desahucios y ocupaciones, as\u00ed como ejecuciones hipotecarias o daciones en pago. Tambi\u00e9n&nbsp; &hellip; Read more\" \/>\n<meta property=\"og:url\" content=\"https:\/\/bombuy.net\/es\/areas-de-practica\/derecho-civil-y-derecho-de-familia\/\" \/>\n<meta property=\"og:site_name\" content=\"Bombuy\/AAC\" \/>\n<meta property=\"article:modified_time\" content=\"2022-04-28T09:51:32+00:00\" \/>\n<meta name=\"twitter:card\" content=\"summary_large_image\" \/>\n<meta name=\"twitter:label1\" content=\"Tiempo de lectura\" \/>\n\t<meta name=\"twitter:data1\" content=\"2 minutos\" \/>\n<script type=\"application\/ld+json\" class=\"yoast-schema-graph\">{\"@context\":\"https:\/\/schema.org\",\"@graph\":[{\"@type\":\"WebPage\",\"@id\":\"https:\/\/bombuy.net\/es\/areas-de-practica\/derecho-civil-y-derecho-de-familia\/\",\"url\":\"https:\/\/bombuy.net\/es\/areas-de-practica\/derecho-civil-y-derecho-de-familia\/\",\"name\":\"Derecho civil y derecho de familia - Bombuy\/AAC\",\"isPartOf\":{\"@id\":\"https:\/\/bombuy.net\/es\/#website\"},\"datePublished\":\"2021-11-29T11:03:59+00:00\",\"dateModified\":\"2022-04-28T09:51:32+00:00\",\"breadcrumb\":{\"@id\":\"https:\/\/bombuy.net\/es\/areas-de-practica\/derecho-civil-y-derecho-de-familia\/#breadcrumb\"},\"inLanguage\":\"es\",\"potentialAction\":[{\"@type\":\"ReadAction\",\"target\":[\"https:\/\/bombuy.net\/es\/areas-de-practica\/derecho-civil-y-derecho-de-familia\/\"]}]},{\"@type\":\"BreadcrumbList\",\"@id\":\"https:\/\/bombuy.net\/es\/areas-de-practica\/derecho-civil-y-derecho-de-familia\/#breadcrumb\",\"itemListElement\":[{\"@type\":\"ListItem\",\"position\":1,\"name\":\"Inici\",\"item\":\"https:\/\/bombuy.net\/es\/\"},{\"@type\":\"ListItem\",\"position\":2,\"name\":\"\u00c1reas de pr\u00e1ctica\",\"item\":\"https:\/\/bombuy.net\/es\/areas-de-practica\/\"},{\"@type\":\"ListItem\",\"position\":3,\"name\":\"Derecho civil y derecho de familia\"}]},{\"@type\":\"WebSite\",\"@id\":\"https:\/\/bombuy.net\/es\/#website\",\"url\":\"https:\/\/bombuy.net\/es\/\",\"name\":\"Bombuy\/AAC\",\"description\":\"Advocats \u2014 Assessors \u2014 Consultors\",\"potentialAction\":[{\"@type\":\"SearchAction\",\"target\":{\"@type\":\"EntryPoint\",\"urlTemplate\":\"https:\/\/bombuy.net\/es\/?s={search_term_string}\"},\"query-input\":\"required name=search_term_string\"}],\"inLanguage\":\"es\"}]}<\/script>\n<!-- \/ Yoast SEO plugin. -->","yoast_head_json":{"title":"Derecho civil y derecho de familia - Bombuy\/AAC","robots":{"index":"index","follow":"follow","max-snippet":"max-snippet:-1","max-image-preview":"max-image-preview:large","max-video-preview":"max-video-preview:-1"},"canonical":"https:\/\/bombuy.net\/es\/areas-de-practica\/derecho-civil-y-derecho-de-familia\/","og_locale":"es_ES","og_type":"article","og_title":"Derecho civil y derecho de familia - Bombuy\/AAC","og_description":"Asesoramiento y defensa t\u00e9cnico-jur\u00eddica en materia civil para clientes particulares, profesionales, empresas y comunidades de propietarios, tanto en v\u00eda extrajudicial como ante las distintas instancias judiciales. Tenemos una amplia experiencia en los distintos \u00e1mbitos del derecho civil como la contrataci\u00f3n, responsabilidad contractual, arrendamientos, desahucios y ocupaciones, as\u00ed como ejecuciones hipotecarias o daciones en pago. Tambi\u00e9n&nbsp; &hellip; Read more","og_url":"https:\/\/bombuy.net\/es\/areas-de-practica\/derecho-civil-y-derecho-de-familia\/","og_site_name":"Bombuy\/AAC","article_modified_time":"2022-04-28T09:51:32+00:00","twitter_card":"summary_large_image","twitter_misc":{"Tiempo de lectura":"2 minutos"},"schema":{"@context":"https:\/\/schema.org","@graph":[{"@type":"WebPage","@id":"https:\/\/bombuy.net\/es\/areas-de-practica\/derecho-civil-y-derecho-de-familia\/","url":"https:\/\/bombuy.net\/es\/areas-de-practica\/derecho-civil-y-derecho-de-familia\/","name":"Derecho civil y derecho de familia - Bombuy\/AAC","isPartOf":{"@id":"https:\/\/bombuy.net\/es\/#website"},"datePublished":"2021-11-29T11:03:59+00:00","dateModified":"2022-04-28T09:51:32+00:00","breadcrumb":{"@id":"https:\/\/bombuy.net\/es\/areas-de-practica\/derecho-civil-y-derecho-de-familia\/#breadcrumb"},"inLanguage":"es","potentialAction":[{"@type":"ReadAction","target":["https:\/\/bombuy.net\/es\/areas-de-practica\/derecho-civil-y-derecho-de-familia\/"]}]},{"@type":"BreadcrumbList","@id":"https:\/\/bombuy.net\/es\/areas-de-practica\/derecho-civil-y-derecho-de-familia\/#breadcrumb","itemListElement":[{"@type":"ListItem","position":1,"name":"Inici","item":"https:\/\/bombuy.net\/es\/"},{"@type":"ListItem","position":2,"name":"\u00c1reas de pr\u00e1ctica","item":"https:\/\/bombuy.net\/es\/areas-de-practica\/"},{"@type":"ListItem","position":3,"name":"Derecho civil y derecho de familia"}]},{"@type":"WebSite","@id":"https:\/\/bombuy.net\/es\/#website","url":"https:\/\/bombuy.net\/es\/","name":"Bombuy\/AAC","description":"Advocats \u2014 Assessors \u2014 Consultors","potentialAction":[{"@type":"SearchAction","target":{"@type":"EntryPoint","urlTemplate":"https:\/\/bombuy.net\/es\/?s={search_term_string}"},"query-input":"required name=search_term_string"}],"inLanguage":"es"}]}},"_links":{"self":[{"href":"https:\/\/bombuy.net\/es\/wp-json\/wp\/v2\/pages\/530"}],"collection":[{"href":"https:\/\/bombuy.net\/es\/wp-json\/wp\/v2\/pages"}],"about":[{"href":"https:\/\/bombuy.net\/es\/wp-json\/wp\/v2\/types\/page"}],"author":[{"embeddable":true,"href":"https:\/\/bombuy.net\/es\/wp-json\/wp\/v2\/users\/1"}],"replies":[{"embeddable":true,"href":"https:\/\/bombuy.net\/es\/wp-json\/wp\/v2\/comments?post=530"}],"version-history":[{"count":5,"href":"https:\/\/bombuy.net\/es\/wp-json\/wp\/v2\/pages\/530\/revisions"}],"predecessor-version":[{"id":597,"href":"https:\/\/bombuy.net\/es\/wp-json\/wp\/v2\/pages\/530\/revisions\/597"}],"up":[{"embeddable":true,"href":"https:\/\/bombuy.net\/es\/wp-json\/wp\/v2\/pages\/529"}],"wp:attachment":[{"href":"https:\/\/bombuy.net\/es\/wp-json\/wp\/v2\/media?parent=530"}],"wp:term":[{"taxonomy":"page_tag","embeddable":true,"href":"https:\/\/bombuy.net\/es\/wp-json\/wp\/v2\/page_tag?post=530"}],"curies":[{"name":"wp","href":"https:\/\/api.w.org\/{rel}","templated":true}]}}