{"id":529,"date":"2021-11-29T12:03:14","date_gmt":"2021-11-29T11:03:14","guid":{"rendered":"http:\/\/bombuy.net\/arees-de-practiques\/"},"modified":"2022-04-28T10:42:04","modified_gmt":"2022-04-28T09:42:04","slug":"areas-de-practica","status":"publish","type":"page","link":"https:\/\/bombuy.net\/es\/areas-de-practica\/","title":{"rendered":"\u00c1reas de pr\u00e1ctica"},"content":{"rendered":"\n\n<div id=\"page-top-block_61a7ae83caaa3\" class=\"page-top-block mb-14 md:mb-20\">\n\t\t\t\n\t\n\t<div class=\"relative\">\n\n\t\t<div class=\"py-14 md:py-24 bg-brand text-off-white\">\n\t\t\t\n\t\t\t<div class=\"container\">\n\n\t\t\t\t<div class=\"md:w-1\/2 md:pr-20 xl:pr-30 md:flex md:flex-col md:justify-between h-full\">\n\t\t\t\t\t\n\t\t\t\t\t<div>\n\n\t\t\t\t\t\t\n\t\t\t\t\t\t<h1 class=\"h1 mb-0 font-medium\">\u00c1reas de pr\u00e1ctica<\/h1>\n\n\t\t\t\t\t<\/div>\n\n\t\t\t\t<\/div>\n\n\t\t\t<\/div>\t\t\t\n\n\t\t<\/div>\n\n\t\t<div class=\"md:absolute top-0 right-0 z-1 w-full pointer-events-none js-block-min-height\">\n\t\t\t\n\t\t\t<div class=\"md:px-20 xl:px-30 md:flex justify-end container\">\n\t\t\t\t\n\t\t\t\t<div class=\"md:w-5\/12\">\n\n\t\t\t\t\t<img decoding=\"async\" class=\"block border\" src=\"https:\/\/bombuy.net\/wp-content\/uploads\/2022\/01\/BOMBUY-COVER-IMG-01.jpg\" alt=\"\">\n\n\t\t\t\t\t<div class=\"hidden md:block pt-20\">\n\t\t\t\t\n\t\t\t\t\t\t\t\t\t\t\t\n\t\t\t\t\t<\/div>\n\n\t\t\t\t<\/div>\n\n\t\t\t<\/div>\n\n\n\n\t\t<\/div>\n\n\t<\/div>\n\n<\/div>\n\n\n\n\n<div class=\"is-layout-flex wp-container-3 wp-block-columns\">\n<div class=\"is-layout-flow wp-block-column\">\n<p>Despacho multidisciplinar que cuenta con especialistas en diferentes ramas del Derecho.<\/p>\n\n\n\n<p><\/p>\n\n\n\n<p>Actualmente trabajamos con diferentes tipolog\u00edas de clientes con empresas y grupos de empresas, asociaciones, particulares, comunidades de propietarios, administraci\u00f3n p\u00fablica, &#8230;<br><br><\/p>\n\n\n\n<p><\/p>\n\n\n\n<div style=\"height:24px\" aria-hidden=\"true\" class=\"wp-block-spacer\"><\/div>\n<\/div>\n\n\n\n<div class=\"is-layout-flow wp-block-column\"><\/div>\n<\/div>\n\n\n\n<figure class=\"wp-block-image size-full\"><img decoding=\"async\" loading=\"lazy\" width=\"1920\" height=\"600\" src=\"http:\/\/bombuy.net\/wp-content\/uploads\/2022\/01\/BOMBUY-HIGHLIGHTS-IMG-02.jpg\" alt=\"\" class=\"wp-image-253\" srcset=\"https:\/\/bombuy.net\/wp-content\/uploads\/2022\/01\/BOMBUY-HIGHLIGHTS-IMG-02.jpg 1920w, https:\/\/bombuy.net\/wp-content\/uploads\/2022\/01\/BOMBUY-HIGHLIGHTS-IMG-02-1280x400.jpg 1280w, https:\/\/bombuy.net\/wp-content\/uploads\/2022\/01\/BOMBUY-HIGHLIGHTS-IMG-02-768x240.jpg 768w, https:\/\/bombuy.net\/wp-content\/uploads\/2022\/01\/BOMBUY-HIGHLIGHTS-IMG-02-1536x480.jpg 1536w\" sizes=\"(max-width: 1920px) 100vw, 1920px\" \/><\/figure>\n\n\n\n\n<div id=\"pages-menu-block_61a7408035e77\" class=\"pages-menu-block bg-brand text-off-white py-14\">\n\t\t\n\t<div class=\"container-2\">\n\n\t\t<h3 class=\"h1 mb-8 max-w-lg\">\u00c1reas de pr\u00e1ctica<\/h3>\t\n\n\t\t<p class=\"mb-14 max-w-lg\">Despacho multidisciplinar que cuenta con especialistas en diferentes ramas del Derecho. <\/p>\n\n\t\t\n\t\t\t<ul class=\"pages-menu border-t\">\n\t\t\t\t\n\t\t\t\t\n\n<li class=\"border-b py-14\">\n\t\n\t<h3 class=\"font-serif leading-none font-medium text-4xl mb-8\">\n\t\t\n\t\tDerecho civil y derecho de familia\n\t<\/h3>\n\n\t<div class=\"md:flex\">\n\t\t\n\t\t<p class=\"mb-8 md:mb-0 md:pr-24 md:w-3\/4\">Asesoramiento y defensa t\u00e9cnico-jur\u00eddica en materia civil para clientes particulares, profesionales, empresas y comunidad de propietarios, tanto en v\u00eda extrajudicial como delante de las diferentes instancias judiciales. <\/p>\n\n\t\t<div class=\"md:w-1\/4 md:flex justify-end place-items-start\">\n\t\t\t\n\t\t\t<a class=\"button light block sm:inline-block\" href=\"https:\/\/bombuy.net\/es\/areas-de-practica\/derecho-civil-y-derecho-de-familia\/\">\n\t\t\n\t\t\t\tACCESO A CIVIL\n\t\t\t<\/a>\n\n\t\t<\/div>\n\t\t\n\n\t<\/div>\n\n<\/li>\n\n\n\n<li class=\"border-b py-14\">\n\t\n\t<h3 class=\"font-serif leading-none font-medium text-4xl mb-8\">\n\t\t\n\t\tDerecho de empresa y derecho del consumo\n\t<\/h3>\n\n\t<div class=\"md:flex\">\n\t\t\n\t\t<p class=\"mb-8 md:mb-0 md:pr-24 md:w-3\/4\">Ofrecemos un an\u00e1lisis t\u00e9cnico-jur\u00eddica en materias como la contrataci\u00f3n nacional e internacional, acuerdos comerciales, estatutos societarios y normativa interna, constituci\u00f3n y transformaci\u00f3n de sociedades.  <\/p>\n\n\t\t<div class=\"md:w-1\/4 md:flex justify-end place-items-start\">\n\t\t\t\n\t\t\t<a class=\"button light block sm:inline-block\" href=\"https:\/\/bombuy.net\/es\/areas-de-practica\/derecho-de-empresa-y-derecho-del-consumo\/\">\n\t\t\n\t\t\t\tACCESO A EMPRESA\n\t\t\t<\/a>\n\n\t\t<\/div>\n\t\t\n\n\t<\/div>\n\n<\/li>\n\n\n\n<li class=\"border-b py-14\">\n\t\n\t<h3 class=\"font-serif leading-none font-medium text-4xl mb-8\">\n\t\t\n\t\tDerecho laboral y de la seguridad social\n\t<\/h3>\n\n\t<div class=\"md:flex\">\n\t\t\n\t\t<p class=\"mb-8 md:mb-0 md:pr-24 md:w-3\/4\">Nuestros servicios incluyen desde la fase previa al inicio de la relaci\u00f3n laboral, pasando por todos los aspectos derivados de la relaci\u00f3n jur\u00eddica entre empresa y personas trabajadoras hasta la extinci\u00f3n de los contratos de trabajo. Prestaciones de seguridad social. Procedimientos judiciales y de arbitraje y mediaci\u00f3n. <\/p>\n\n\t\t<div class=\"md:w-1\/4 md:flex justify-end place-items-start\">\n\t\t\t\n\t\t\t<a class=\"button light block sm:inline-block\" href=\"https:\/\/bombuy.net\/es\/areas-de-practica\/derecho-laboral-y-de-la-seguridad-social\/\">\n\t\t\n\t\t\t\tACCESO A LABORAL\n\t\t\t<\/a>\n\n\t\t<\/div>\n\t\t\n\n\t<\/div>\n\n<\/li>\n\n\n\n<li class=\"border-b py-14\">\n\t\n\t<h3 class=\"font-serif leading-none font-medium text-4xl mb-8\">\n\t\t\n\t\tDerecho penal\n\t<\/h3>\n\n\t<div class=\"md:flex\">\n\t\t\n\t\t<p class=\"mb-8 md:mb-0 md:pr-24 md:w-3\/4\">Defendemos los intereses de personas y empresas en el \u00e1mbito penal, ejerciendo tanto la defensa jur\u00eddica como la acusaci\u00f3n particular o popular en todo tipo de procedimientos. <\/p>\n\n\t\t<div class=\"md:w-1\/4 md:flex justify-end place-items-start\">\n\t\t\t\n\t\t\t<a class=\"button light block sm:inline-block\" href=\"https:\/\/bombuy.net\/es\/areas-de-practica\/derecho-penal\/\">\n\t\t\n\t\t\t\tACCESO A PENAL\n\t\t\t<\/a>\n\n\t\t<\/div>\n\t\t\n\n\t<\/div>\n\n<\/li>\n\n\n\n<li class=\"border-b py-14\">\n\t\n\t<h3 class=\"font-serif leading-none font-medium text-4xl mb-8\">\n\t\t\n\t\tPatrimonio y Herencias\n\t<\/h3>\n\n\t<div class=\"md:flex\">\n\t\t\n\t\t<p class=\"mb-8 md:mb-0 md:pr-24 md:w-3\/4\">Ofrecemos asesoramiento integral en sucesiones, compraventa y donaci\u00f3n de bienes inmuebles (pisos, casas, locales, plazas de aparcamiento, terrenos), participaciones sociales, acciones, inversiones, etc., tanto desde la perspectiva jur\u00eddica como la fiscal. <\/p>\n\n\t\t<div class=\"md:w-1\/4 md:flex justify-end place-items-start\">\n\t\t\t\n\t\t\t<a class=\"button light block sm:inline-block\" href=\"https:\/\/bombuy.net\/es\/areas-de-practica\/patrimonio-y-herencias\/\">\n\t\t\n\t\t\t\tACCESO A PATRIMONIO\n\t\t\t<\/a>\n\n\t\t<\/div>\n\t\t\n\n\t<\/div>\n\n<\/li>\n\n\n\n\t\t\t<\/ul>\n\n\t\t\n\t<\/div>\n\n<\/div>\n\n\n\n\n\n\n<div id=\"contact-block_61a74b6d35e7d\" class=\"contact-block bg-brand text-off-white pb-14\">\n\t\t\n\t<div class=\"container-2\">\n\t\t\t\n\t\t<div class=\"lg:flex justify-between items-start place-items-start\">\n\t\t\t\n\t\t\t<div>\n\n\t\t\t\t<h4 class=\"ssi text-4xl md:text-5xl mb-8 md:mb-0\">D\u00e9jese asesorar por profesionales<\/h4>\n\n\t\t\t\t<div class=\"md:flex items-start mb-8 md:mb-0\">\n\t\t\t\t\n\t\t\t\t\t<div class=\"dash mb-8 md:mb-0 lg:pt-3 lg:mr-4\"><\/div>\n\n\t\t\t\t\t<p class=\"mb-0\">Estamos a su disposici\u00f3n para ayudarle a encontrar una soluci\u00f3n<\/p>\n\n\t\t\t\t<\/div>\n\n\t\t\t<\/div>\n\n\t\t\t\n\t\t\t\t    <a class=\"button light block sm:inline-block\" href=\"http:\/\/localhost:8888\/bombuy\/contacte\/\" target=\"_self\">CONTACTE CON NOSOTROS<\/a>\n\n\t\t\t\n\t\t<\/div>\t\n\n\t<\/div>\n\n<\/div>\n\n\n\n\n\n<figure class=\"wp-block-image size-full is-style-my-image is-style-boxed-image\"><img decoding=\"async\" loading=\"lazy\" width=\"1500\" height=\"678\" src=\"http:\/\/bombuy.net\/wp-content\/uploads\/2022\/01\/BOMBUY-IMAGE-IMG-02.jpg\" alt=\"\" class=\"wp-image-254\" srcset=\"https:\/\/bombuy.net\/wp-content\/uploads\/2022\/01\/BOMBUY-IMAGE-IMG-02.jpg 1500w, https:\/\/bombuy.net\/wp-content\/uploads\/2022\/01\/BOMBUY-IMAGE-IMG-02-1280x579.jpg 1280w, https:\/\/bombuy.net\/wp-content\/uploads\/2022\/01\/BOMBUY-IMAGE-IMG-02-768x347.jpg 768w\" sizes=\"(max-width: 1500px) 100vw, 1500px\" \/><\/figure>\n\n\n\n\n<div id=\"related-pages-block_61a7b0c64920b\" class=\"related-pages-block container pb-14\">\n\t\t\n\t\t<h4 class=\"uppercase text-lg font-medium mb-12 lg:mb-14\">\n\n\t\t\tTambi\u00e9n te puede interesar\t\t\t\t\n\t\t<\/h4>\n\n\t\t\n\t\t\t<ul class=\"pages-menu border-t\">\n\t\t\t\t\n\t\t\t\t\n\n<li class=\"border-b py-14\">\n\t\n\t<a class=\"font-serif leading-none font-medium text-2xl md:text-5xl lg:text-7xl block arrow-right-after large pr-24\" href=\"https:\/\/bombuy.net\/es\/equipo\/\">\n\t\t\n\t\tNuestro equipo\n\t<\/a>\n\n<\/li>\n\n\n\n\t\t\t<\/ul>\n\n\t\t\n<\/div>\n\n\n","protected":false},"excerpt":{"rendered":"<p>Despacho multidisciplinar que cuenta con especialistas en diferentes ramas del Derecho. Actualmente trabajamos con diferentes tipolog\u00edas de clientes con empresas y grupos de empresas, asociaciones, particulares, comunidades de propietarios, administraci\u00f3n p\u00fablica, &#8230;<\/p>\n","protected":false},"author":1,"featured_media":0,"parent":0,"menu_order":1,"comment_status":"closed","ping_status":"closed","template":"","meta":[],"page_tag":[],"acf":[],"yoast_head":"<!-- This site is optimized with the Yoast SEO plugin v21.1 - https:\/\/yoast.com\/wordpress\/plugins\/seo\/ -->\n<title>\u00c1reas de pr\u00e1ctica - Bombuy\/AAC<\/title>\n<meta name=\"robots\" content=\"index, follow, max-snippet:-1, max-image-preview:large, max-video-preview:-1\" \/>\n<link rel=\"canonical\" href=\"https:\/\/bombuy.net\/es\/areas-de-practica\/\" \/>\n<meta property=\"og:locale\" content=\"es_ES\" \/>\n<meta property=\"og:type\" content=\"article\" \/>\n<meta property=\"og:title\" content=\"\u00c1reas de pr\u00e1ctica - Bombuy\/AAC\" \/>\n<meta property=\"og:description\" content=\"Despacho multidisciplinar que cuenta con especialistas en diferentes ramas del Derecho. Actualmente trabajamos con diferentes tipolog\u00edas de clientes con empresas y grupos de empresas, asociaciones, particulares, comunidades de propietarios, administraci\u00f3n p\u00fablica, &#8230;\" \/>\n<meta property=\"og:url\" content=\"https:\/\/bombuy.net\/es\/areas-de-practica\/\" \/>\n<meta property=\"og:site_name\" content=\"Bombuy\/AAC\" \/>\n<meta property=\"article:modified_time\" content=\"2022-04-28T09:42:04+00:00\" \/>\n<meta property=\"og:image\" content=\"http:\/\/bombuy.net\/wp-content\/uploads\/2022\/01\/BOMBUY-HIGHLIGHTS-IMG-02.jpg\" \/>\n<meta name=\"twitter:card\" content=\"summary_large_image\" \/>\n<meta name=\"twitter:label1\" content=\"Tiempo de lectura\" \/>\n\t<meta name=\"twitter:data1\" content=\"1 minuto\" \/>\n<script type=\"application\/ld+json\" class=\"yoast-schema-graph\">{\"@context\":\"https:\/\/schema.org\",\"@graph\":[{\"@type\":\"WebPage\",\"@id\":\"https:\/\/bombuy.net\/es\/areas-de-practica\/\",\"url\":\"https:\/\/bombuy.net\/es\/areas-de-practica\/\",\"name\":\"\u00c1reas de pr\u00e1ctica - Bombuy\/AAC\",\"isPartOf\":{\"@id\":\"https:\/\/bombuy.net\/es\/#website\"},\"datePublished\":\"2021-11-29T11:03:14+00:00\",\"dateModified\":\"2022-04-28T09:42:04+00:00\",\"breadcrumb\":{\"@id\":\"https:\/\/bombuy.net\/es\/areas-de-practica\/#breadcrumb\"},\"inLanguage\":\"es\",\"potentialAction\":[{\"@type\":\"ReadAction\",\"target\":[\"https:\/\/bombuy.net\/es\/areas-de-practica\/\"]}]},{\"@type\":\"BreadcrumbList\",\"@id\":\"https:\/\/bombuy.net\/es\/areas-de-practica\/#breadcrumb\",\"itemListElement\":[{\"@type\":\"ListItem\",\"position\":1,\"name\":\"Inici\",\"item\":\"https:\/\/bombuy.net\/es\/\"},{\"@type\":\"ListItem\",\"position\":2,\"name\":\"\u00c1reas de pr\u00e1ctica\"}]},{\"@type\":\"WebSite\",\"@id\":\"https:\/\/bombuy.net\/es\/#website\",\"url\":\"https:\/\/bombuy.net\/es\/\",\"name\":\"Bombuy\/AAC\",\"description\":\"Advocats \u2014 Assessors \u2014 Consultors\",\"potentialAction\":[{\"@type\":\"SearchAction\",\"target\":{\"@type\":\"EntryPoint\",\"urlTemplate\":\"https:\/\/bombuy.net\/es\/?s={search_term_string}\"},\"query-input\":\"required name=search_term_string\"}],\"inLanguage\":\"es\"}]}<\/script>\n<!-- \/ Yoast SEO plugin. -->","yoast_head_json":{"title":"\u00c1reas de pr\u00e1ctica - Bombuy\/AAC","robots":{"index":"index","follow":"follow","max-snippet":"max-snippet:-1","max-image-preview":"max-image-preview:large","max-video-preview":"max-video-preview:-1"},"canonical":"https:\/\/bombuy.net\/es\/areas-de-practica\/","og_locale":"es_ES","og_type":"article","og_title":"\u00c1reas de pr\u00e1ctica - Bombuy\/AAC","og_description":"Despacho multidisciplinar que cuenta con especialistas en diferentes ramas del Derecho. Actualmente trabajamos con diferentes tipolog\u00edas de clientes con empresas y grupos de empresas, asociaciones, particulares, comunidades de propietarios, administraci\u00f3n p\u00fablica, &#8230;","og_url":"https:\/\/bombuy.net\/es\/areas-de-practica\/","og_site_name":"Bombuy\/AAC","article_modified_time":"2022-04-28T09:42:04+00:00","og_image":[{"url":"http:\/\/bombuy.net\/wp-content\/uploads\/2022\/01\/BOMBUY-HIGHLIGHTS-IMG-02.jpg"}],"twitter_card":"summary_large_image","twitter_misc":{"Tiempo de lectura":"1 minuto"},"schema":{"@context":"https:\/\/schema.org","@graph":[{"@type":"WebPage","@id":"https:\/\/bombuy.net\/es\/areas-de-practica\/","url":"https:\/\/bombuy.net\/es\/areas-de-practica\/","name":"\u00c1reas de pr\u00e1ctica - Bombuy\/AAC","isPartOf":{"@id":"https:\/\/bombuy.net\/es\/#website"},"datePublished":"2021-11-29T11:03:14+00:00","dateModified":"2022-04-28T09:42:04+00:00","breadcrumb":{"@id":"https:\/\/bombuy.net\/es\/areas-de-practica\/#breadcrumb"},"inLanguage":"es","potentialAction":[{"@type":"ReadAction","target":["https:\/\/bombuy.net\/es\/areas-de-practica\/"]}]},{"@type":"BreadcrumbList","@id":"https:\/\/bombuy.net\/es\/areas-de-practica\/#breadcrumb","itemListElement":[{"@type":"ListItem","position":1,"name":"Inici","item":"https:\/\/bombuy.net\/es\/"},{"@type":"ListItem","position":2,"name":"\u00c1reas de pr\u00e1ctica"}]},{"@type":"WebSite","@id":"https:\/\/bombuy.net\/es\/#website","url":"https:\/\/bombuy.net\/es\/","name":"Bombuy\/AAC","description":"Advocats \u2014 Assessors \u2014 Consultors","potentialAction":[{"@type":"SearchAction","target":{"@type":"EntryPoint","urlTemplate":"https:\/\/bombuy.net\/es\/?s={search_term_string}"},"query-input":"required name=search_term_string"}],"inLanguage":"es"}]}},"_links":{"self":[{"href":"https:\/\/bombuy.net\/es\/wp-json\/wp\/v2\/pages\/529"}],"collection":[{"href":"https:\/\/bombuy.net\/es\/wp-json\/wp\/v2\/pages"}],"about":[{"href":"https:\/\/bombuy.net\/es\/wp-json\/wp\/v2\/types\/page"}],"author":[{"embeddable":true,"href":"https:\/\/bombuy.net\/es\/wp-json\/wp\/v2\/users\/1"}],"replies":[{"embeddable":true,"href":"https:\/\/bombuy.net\/es\/wp-json\/wp\/v2\/comments?post=529"}],"version-history":[{"count":7,"href":"https:\/\/bombuy.net\/es\/wp-json\/wp\/v2\/pages\/529\/revisions"}],"predecessor-version":[{"id":591,"href":"https:\/\/bombuy.net\/es\/wp-json\/wp\/v2\/pages\/529\/revisions\/591"}],"wp:attachment":[{"href":"https:\/\/bombuy.net\/es\/wp-json\/wp\/v2\/media?parent=529"}],"wp:term":[{"taxonomy":"page_tag","embeddable":true,"href":"https:\/\/bombuy.net\/es\/wp-json\/wp\/v2\/page_tag?post=529"}],"curies":[{"name":"wp","href":"https:\/\/api.w.org\/{rel}","templated":true}]}}