{"id":528,"date":"2021-11-29T11:03:26","date_gmt":"2021-11-29T10:03:26","guid":{"rendered":"http:\/\/bombuy.net\/home\/"},"modified":"2022-07-27T11:31:37","modified_gmt":"2022-07-27T10:31:37","slug":"inicio","status":"publish","type":"page","link":"https:\/\/bombuy.net\/es\/","title":{"rendered":"Inicio"},"content":{"rendered":"\n\n<div id=\"home-carousel-block_61a65ea45fd2c\" class=\"home-carousel-block bg-brand text-off-white md:bg-transparent\">\n\t\t\t\n\t\t<div class=\"home-carousel\">\n\n\t\t\t\n\t\t\t\t\n\t\t\t\t<div class=\"slide relative\">\n\n\t\t\t\t\t\n\n\t\t\t\t\t<div class=\"md:hidden\">\n\t\t\t\t\t\n\t\t\t\t\t\t<div class=\"entry-thumb ratio-110\">\n\n\t\t\t            \t<div class=\"entry-thumb-background\">\n\t\t\t            \t\t\n\t\t\t            \t\t<div class=\"background-image\" style=\"background-image:url(https:\/\/bombuy.net\/wp-content\/uploads\/2022\/01\/HOME-SLIDER-IMG-01-1.jpg);\"><\/div>\n\n\t\t\t            \t<\/div>\n\n\t\t\t            <\/div>\t\n\t\t\t            \n\t\t\t\t\t<\/div>\n\n\t\t\t\t\t<div class=\"md:absolute top-0 left-0 w-full\">\n\n\t\t\t\t\t\t<div class=\"pt-14 pb-24 bg-brand stripe-height\">\n\t\t\t\t\t\t\t\n\t\t\t\t\t\t\t<div class=\"container\">\n\n\t\t\t\t\t\t\t\t<div class=\"md:w-1\/2 md:pr-20 xl:pr-30 md:flex md:flex-col md:justify-between h-full\">\n\t\t\t\t\t\t\t\t\t\n\t\t\t\t\t\t\t\t\t<div>\n\n\t\t\t\t\t\t\t\t\t\t<div class=\"dash mb-12\"><\/div>\n\n\t\t\t\t\t\t\t\t\t\t<h1 class=\"ssi text-4xl md:text-5xl mb-8\">M\u00e1s de veinticinco a\u00f1os al servicio de nuestros clientes<\/h1>\n\n\t\t\t\t\t\t\t\t\t\t<p class=\"mb-8\">Profesionales en diferentes \u00e1mbitos del Derecho<\/p>\n\n\t\t\t\t\t\t\t\t\t<\/div>\n\n\t\t\t\t\t\t\t\t\t<div>\n\t\t\t\t\t\t\t\t\t\n\t\t\t\t\t\t\t\t\t\t    <a class=\"button light inline-block mb-6 md:mb-0\" href=\"http:\/\/bombuy.net\/sobre-nosaltres\/\" target=\"_self\">Saber m\u00e1s<\/a>\n\n\t\t\t\t\t\t\t\t\t\t\t\t\t\t\t\t\t\t<\/div>\n\n\t\t\t\t\t\t\t\t<\/div>\n\n\t\t\t\t\t\t\t<\/div>\n\n\t\t\t\t\t\t<\/div>\n\n\t\t\t\t\t<\/div>\n\n\t\t\t\t\t<div class=\"hidden md:block relative mb-20 top-0 right-0 z-1 pointer-events-none\">\n\t\t\t\t\t\t\n\t\t\t\t\t\t<div class=\"container\">\n\t\t\t\t\t\t\t\n\t\t\t\t\t\t\t<div class=\"w-1\/2 ml-1\/2\">\n\n\t\t\t\t\t\t\t\t<div class=\"entry-thumb ratio-110\">\n\n\t\t\t\t\t            \t<div class=\"entry-thumb-background\">\n\t\t\t\t\t            \t\t\n\t\t\t\t\t            \t\t<div class=\"background-image\" style=\"background-image:url(https:\/\/bombuy.net\/wp-content\/uploads\/2022\/01\/HOME-SLIDER-IMG-01-1.jpg);\"><\/div>\n\n\t\t\t\t\t            \t<\/div>\n\n\t\t\t\t\t            <\/div>\n\n\t\t\t\t\t\t\t<\/div>\n\n\t\t\t\t\t\t<\/div>\n\n\t\t\t\t\t<\/div>\n\n\t\t\t\t\n\t\t\t\t<\/div>\n\n\t\t\t\n\t\t\t\t\n\t\t\t\t<div class=\"slide relative\">\n\n\t\t\t\t\t\n\n\t\t\t\t\t<div class=\"md:hidden\">\n\t\t\t\t\t\n\t\t\t\t\t\t<div class=\"entry-thumb ratio-110\">\n\n\t\t\t            \t<div class=\"entry-thumb-background\">\n\t\t\t            \t\t\n\t\t\t            \t\t<div class=\"background-image\" style=\"background-image:url(https:\/\/bombuy.net\/wp-content\/uploads\/2022\/01\/HOME-SLIDER-IMG-02-1.jpg);\"><\/div>\n\n\t\t\t            \t<\/div>\n\n\t\t\t            <\/div>\t\n\t\t\t            \n\t\t\t\t\t<\/div>\n\n\t\t\t\t\t<div class=\"md:absolute top-0 left-0 w-full\">\n\n\t\t\t\t\t\t<div class=\"pt-14 pb-24 bg-brand stripe-height\">\n\t\t\t\t\t\t\t\n\t\t\t\t\t\t\t<div class=\"container\">\n\n\t\t\t\t\t\t\t\t<div class=\"md:w-1\/2 md:pr-20 xl:pr-30 md:flex md:flex-col md:justify-between h-full\">\n\t\t\t\t\t\t\t\t\t\n\t\t\t\t\t\t\t\t\t<div>\n\n\t\t\t\t\t\t\t\t\t\t<div class=\"dash mb-12\"><\/div>\n\n\t\t\t\t\t\t\t\t\t\t<h1 class=\"ssi text-4xl md:text-5xl mb-8\">Nuestros profesionales a su servicio<\/h1>\n\n\t\t\t\t\t\t\t\t\t\t<p class=\"mb-8\">Especialistas en diferentes disciplinas y en constante formaci\u00f3n<\/p>\n\n\t\t\t\t\t\t\t\t\t<\/div>\n\n\t\t\t\t\t\t\t\t\t<div>\n\t\t\t\t\t\t\t\t\t\n\t\t\t\t\t\t\t\t\t\t    <a class=\"button light inline-block mb-6 md:mb-0\" href=\"http:\/\/bombuy.net\/equip\/\" target=\"_self\">Saber m\u00e1s<\/a>\n\n\t\t\t\t\t\t\t\t\t\t\t\t\t\t\t\t\t\t<\/div>\n\n\t\t\t\t\t\t\t\t<\/div>\n\n\t\t\t\t\t\t\t<\/div>\n\n\t\t\t\t\t\t<\/div>\n\n\t\t\t\t\t<\/div>\n\n\t\t\t\t\t<div class=\"hidden md:block relative mb-20 top-0 right-0 z-1 pointer-events-none\">\n\t\t\t\t\t\t\n\t\t\t\t\t\t<div class=\"container\">\n\t\t\t\t\t\t\t\n\t\t\t\t\t\t\t<div class=\"w-1\/2 ml-1\/2\">\n\n\t\t\t\t\t\t\t\t<div class=\"entry-thumb ratio-110\">\n\n\t\t\t\t\t            \t<div class=\"entry-thumb-background\">\n\t\t\t\t\t            \t\t\n\t\t\t\t\t            \t\t<div class=\"background-image\" style=\"background-image:url(https:\/\/bombuy.net\/wp-content\/uploads\/2022\/01\/HOME-SLIDER-IMG-02-1.jpg);\"><\/div>\n\n\t\t\t\t\t            \t<\/div>\n\n\t\t\t\t\t            <\/div>\n\n\t\t\t\t\t\t\t<\/div>\n\n\t\t\t\t\t\t<\/div>\n\n\t\t\t\t\t<\/div>\n\n\t\t\t\t\n\t\t\t\t<\/div>\n\n\t\t\t\n\t\t\t\t\n\t\t\t\t<div class=\"slide relative\">\n\n\t\t\t\t\t\n\n\t\t\t\t\t<div class=\"md:hidden\">\n\t\t\t\t\t\n\t\t\t\t\t\t<div class=\"entry-thumb ratio-110\">\n\n\t\t\t            \t<div class=\"entry-thumb-background\">\n\t\t\t            \t\t\n\t\t\t            \t\t<div class=\"background-image\" style=\"background-image:url(https:\/\/bombuy.net\/wp-content\/uploads\/2022\/01\/HOME-SLIDER-IMG-03-1.jpg);\"><\/div>\n\n\t\t\t            \t<\/div>\n\n\t\t\t            <\/div>\t\n\t\t\t            \n\t\t\t\t\t<\/div>\n\n\t\t\t\t\t<div class=\"md:absolute top-0 left-0 w-full\">\n\n\t\t\t\t\t\t<div class=\"pt-14 pb-24 bg-brand stripe-height\">\n\t\t\t\t\t\t\t\n\t\t\t\t\t\t\t<div class=\"container\">\n\n\t\t\t\t\t\t\t\t<div class=\"md:w-1\/2 md:pr-20 xl:pr-30 md:flex md:flex-col md:justify-between h-full\">\n\t\t\t\t\t\t\t\t\t\n\t\t\t\t\t\t\t\t\t<div>\n\n\t\t\t\t\t\t\t\t\t\t<div class=\"dash mb-12\"><\/div>\n\n\t\t\t\t\t\t\t\t\t\t<h1 class=\"ssi text-4xl md:text-5xl mb-8\">Atenci\u00f3n personalizada y trato cercano<\/h1>\n\n\t\t\t\t\t\t\t\t\t\t<p class=\"mb-8\">Nos adaptamos a las necesidades del cliente<\/p>\n\n\t\t\t\t\t\t\t\t\t<\/div>\n\n\t\t\t\t\t\t\t\t\t<div>\n\t\t\t\t\t\t\t\t\t\n\t\t\t\t\t\t\t\t\t\t    <a class=\"button light inline-block mb-6 md:mb-0\" href=\"http:\/\/bombuy.net\/contacte\/\" target=\"_self\">Saber m\u00e1s<\/a>\n\n\t\t\t\t\t\t\t\t\t\t\t\t\t\t\t\t\t\t<\/div>\n\n\t\t\t\t\t\t\t\t<\/div>\n\n\t\t\t\t\t\t\t<\/div>\n\n\t\t\t\t\t\t<\/div>\n\n\t\t\t\t\t<\/div>\n\n\t\t\t\t\t<div class=\"hidden md:block relative mb-20 top-0 right-0 z-1 pointer-events-none\">\n\t\t\t\t\t\t\n\t\t\t\t\t\t<div class=\"container\">\n\t\t\t\t\t\t\t\n\t\t\t\t\t\t\t<div class=\"w-1\/2 ml-1\/2\">\n\n\t\t\t\t\t\t\t\t<div class=\"entry-thumb ratio-110\">\n\n\t\t\t\t\t            \t<div class=\"entry-thumb-background\">\n\t\t\t\t\t            \t\t\n\t\t\t\t\t            \t\t<div class=\"background-image\" style=\"background-image:url(https:\/\/bombuy.net\/wp-content\/uploads\/2022\/01\/HOME-SLIDER-IMG-03-1.jpg);\"><\/div>\n\n\t\t\t\t\t            \t<\/div>\n\n\t\t\t\t\t            <\/div>\n\n\t\t\t\t\t\t\t<\/div>\n\n\t\t\t\t\t\t<\/div>\n\n\t\t\t\t\t<\/div>\n\n\t\t\t\t\n\t\t\t\t<\/div>\n\n\t\t\t\t\t\t\n\t\t<\/div>\n\n<\/div>\n\n\n\n\n\n<figure class=\"wp-block-pullquote\"><blockquote><p>La fidelidad de nuestros clientes nos avala<\/p><\/blockquote><\/figure>\n\n\n\n<div class=\"wp-block-cover is-light\"><span aria-hidden=\"true\" class=\"wp-block-cover__background has-background-dim\"><\/span><img decoding=\"async\" loading=\"lazy\" width=\"1920\" height=\"600\" class=\"wp-block-cover__image-background wp-image-243\" alt=\"\" src=\"http:\/\/bombuy.net\/wp-content\/uploads\/2022\/01\/BOMBUY-HIGHLIGHTS-IMG-01-1.jpg\" style=\"object-position:50% 50%\" data-object-fit=\"cover\" data-object-position=\"50% 50%\" srcset=\"https:\/\/bombuy.net\/wp-content\/uploads\/2022\/01\/BOMBUY-HIGHLIGHTS-IMG-01-1.jpg 1920w, https:\/\/bombuy.net\/wp-content\/uploads\/2022\/01\/BOMBUY-HIGHLIGHTS-IMG-01-1-1280x400.jpg 1280w, https:\/\/bombuy.net\/wp-content\/uploads\/2022\/01\/BOMBUY-HIGHLIGHTS-IMG-01-1-768x240.jpg 768w, https:\/\/bombuy.net\/wp-content\/uploads\/2022\/01\/BOMBUY-HIGHLIGHTS-IMG-01-1-1536x480.jpg 1536w\" sizes=\"(max-width: 1920px) 100vw, 1920px\" \/><div class=\"wp-block-cover__inner-container\">\n<p class=\"has-text-align-center has-large-font-size\"><\/p>\n<\/div><\/div>\n\n\n\n\n<div id=\"pages-menu-block_61a7408035e77\" class=\"pages-menu-block bg-brand text-off-white py-14\">\n\t\t\n\t<div class=\"container-2\">\n\n\t\t<h3 class=\"h1 mb-8 max-w-lg\">\u00c1reas de pr\u00e1ctica<\/h3>\t\n\n\t\t<p class=\"mb-14 max-w-lg\">Despacho multidisciplinar que cuenta con especialistas en diferentes ramas del Derecho<\/p>\n\n\t\t\n\t\t\t<ul class=\"pages-menu border-t\">\n\t\t\t\t\n\t\t\t\t\n\n<li class=\"border-b py-14\">\n\t\n\t<a class=\"font-serif leading-none font-medium text-2xl md:text-5xl lg:text-7xl block arrow-right-after large pr-24\" href=\"https:\/\/bombuy.net\/es\/areas-de-practica\/derecho-civil-y-derecho-de-familia\/\">\n\t\t\n\t\tDerecho civil y derecho de familia\n\t<\/a>\n\n<\/li>\n\n\n\n<li class=\"border-b py-14\">\n\t\n\t<a class=\"font-serif leading-none font-medium text-2xl md:text-5xl lg:text-7xl block arrow-right-after large pr-24\" href=\"https:\/\/bombuy.net\/es\/areas-de-practica\/derecho-de-empresa-y-derecho-del-consumo\/\">\n\t\t\n\t\tDerecho de empresa y derecho del consumo\n\t<\/a>\n\n<\/li>\n\n\n\n<li class=\"border-b py-14\">\n\t\n\t<a class=\"font-serif leading-none font-medium text-2xl md:text-5xl lg:text-7xl block arrow-right-after large pr-24\" href=\"https:\/\/bombuy.net\/es\/areas-de-practica\/derecho-laboral-y-de-la-seguridad-social\/\">\n\t\t\n\t\tDerecho laboral y de la seguridad social\n\t<\/a>\n\n<\/li>\n\n\n\n<li class=\"border-b py-14\">\n\t\n\t<a class=\"font-serif leading-none font-medium text-2xl md:text-5xl lg:text-7xl block arrow-right-after large pr-24\" href=\"https:\/\/bombuy.net\/es\/areas-de-practica\/derecho-penal\/\">\n\t\t\n\t\tDerecho penal\n\t<\/a>\n\n<\/li>\n\n\n\n<li class=\"border-b py-14\">\n\t\n\t<a class=\"font-serif leading-none font-medium text-2xl md:text-5xl lg:text-7xl block arrow-right-after large pr-24\" href=\"https:\/\/bombuy.net\/es\/areas-de-practica\/patrimonio-y-herencias\/\">\n\t\t\n\t\tPatrimonio y Herencias\n\t<\/a>\n\n<\/li>\n\n\n\n\t\t\t<\/ul>\n\n\t\t\n\t<\/div>\n\n<\/div>\n\n\n\n\n\n\n<div id=\"contact-block_61a74b6d35e7d\" class=\"contact-block bg-brand text-off-white pb-14\">\n\t\t\n\t<div class=\"container-2\">\n\t\t\t\n\t\t<div class=\"lg:flex justify-between items-start place-items-start\">\n\t\t\t\n\t\t\t<div>\n\n\t\t\t\t<h4 class=\"ssi text-4xl md:text-5xl mb-8 md:mb-0\">D\u00e9jese asesorar por profesionales<\/h4>\n\n\t\t\t\t<div class=\"md:flex items-start mb-8 md:mb-0\">\n\t\t\t\t\n\t\t\t\t\t<div class=\"dash mb-8 md:mb-0 lg:pt-3 lg:mr-4\"><\/div>\n\n\t\t\t\t\t<p class=\"mb-0\">Estamos a su disposici\u00f3n para ayudarle a encontrar una soluci\u00f3n<\/p>\n\n\t\t\t\t<\/div>\n\n\t\t\t<\/div>\n\n\t\t\t\n\t\t\t\t    <a class=\"button light block sm:inline-block\" href=\"http:\/\/localhost:8888\/bombuy\/contacte\/\" target=\"_self\">CONTACTE CON NOSOTROS<\/a>\n\n\t\t\t\n\t\t<\/div>\t\n\n\t<\/div>\n\n<\/div>\n\n\n\n\n\n<figure class=\"wp-block-image size-large is-style-boxed-image\"><img decoding=\"async\" loading=\"lazy\" width=\"1920\" height=\"868\" src=\"http:\/\/bombuy.net\/wp-content\/uploads\/2022\/01\/BOMBUY-IMAGE-IMG-01-1-1920x868.jpg\" alt=\"\" class=\"wp-image-242\" srcset=\"https:\/\/bombuy.net\/wp-content\/uploads\/2022\/01\/BOMBUY-IMAGE-IMG-01-1-1920x868.jpg 1920w, https:\/\/bombuy.net\/wp-content\/uploads\/2022\/01\/BOMBUY-IMAGE-IMG-01-1-1280x579.jpg 1280w, https:\/\/bombuy.net\/wp-content\/uploads\/2022\/01\/BOMBUY-IMAGE-IMG-01-1-768x347.jpg 768w, https:\/\/bombuy.net\/wp-content\/uploads\/2022\/01\/BOMBUY-IMAGE-IMG-01-1-1536x695.jpg 1536w, https:\/\/bombuy.net\/wp-content\/uploads\/2022\/01\/BOMBUY-IMAGE-IMG-01-1.jpg 1990w\" sizes=\"(max-width: 1920px) 100vw, 1920px\" \/><\/figure>\n\n\n\n<div id=\"actualitat-block_61a7a6ae31339\" class=\"actualitat-block container\">\n\t\t\n\t\t<h3 class=\"h1 mb-8 max-w-lg\">Actualidad<\/h3>\t\n\n\t\t<p class=\"pb-10 border-b lg:border-none mb-10 md:mb-14 max-w-lg\">Informaci\u00f3n sobre novedades jur\u00eddicas y del Despacho<\/p>\n\n\t\t\n\t\t\t<ul class=\"related-posts-carousel pb-28 lg:pb-20 -mx-3\">\n\t\t\t\t\n\t\t\t\t<li class=\"post-thumb px-3\">\n\t\n\t<div class=\"hidden md:block\">\n\n\t\t<div class=\"hidden md:block mb-8 border entry-thumb ratio-425\">\n\t\t\n\t\t\t<div class=\"entry-thumb-background\">\n\t\t\t\t\n\t\t\t\t<div class=\"background-image\" style=\"background-image:url(https:\/\/bombuy.net\/wp-content\/uploads\/2023\/01\/photo1649864233.jpeg);\"><\/div>\n\t\t\t<\/div>\n\n\t\t<\/div>\n\n\t<\/div>\n\n\t<h3 class=\"text-2xl mb-8 font-medium\"><strong>ENTREGAR LOS PARTES DE BAJA M\u00c9DICA, CONFIRMACI\u00d3N Y ALTA DEJAR\u00c1 DE SER OBLIGATORIO A PARTIR DEL 1 DE ABRIL DE 2023<\/strong><\/h3>\n\n\n\t<div class=\"mb-4\">\n\n\t\tHasta ahora, las personas trabajadoras que pasaban a situaci\u00f3n de incapacidad temporal ten\u00edan la obligaci\u00f3n de entregar a la&#8230;\t \t\n\t <\/div>\n\n\n\t<a class=\"underline mb-0 block\" href=\"https:\/\/bombuy.net\/es\/entregar-los-partes-de-baja-medica-confirmacion-y-alta-dejara-de-ser-obligatorio-a-partir-del-1-de-abril-de-2023\/\"> Leer m\u00e1s<\/a>\n\n\t<div class=\"pt-12 lg:pt-14 border-b\"><\/div>\n\n<\/li><li class=\"post-thumb px-3\">\n\t\n\t<div class=\"hidden md:block\">\n\n\t\t<div class=\"hidden md:block mb-8 border entry-thumb ratio-425\">\n\t\t\n\t\t\t<div class=\"entry-thumb-background\">\n\t\t\t\t\n\t\t\t\t<div class=\"background-image\" style=\"background-image:url(https:\/\/bombuy.net\/wp-content\/uploads\/2022\/10\/photo1649863784.jpeg);\"><\/div>\n\t\t\t<\/div>\n\n\t\t<\/div>\n\n\t<\/div>\n\n\t<h3 class=\"text-2xl mb-8 font-medium\">ESTAFA Y SUPLANTACI\u00d3N DE IDENTIDAD EN LA COMPRA DE VEH\u00cdCULOS<\/h3>\n\n\n\t<div class=\"mb-4\">\n\n\t\tLa venta de bienes, y en especial de veh\u00edculos en internet han propiciado la aparici\u00f3n de nuevos enga\u00f1os y estafas. En concreto se&#8230;\t \t\n\t <\/div>\n\n\n\t<a class=\"underline mb-0 block\" href=\"https:\/\/bombuy.net\/es\/estafa-y-suplantacion-de-identidad-en-la-compra-de-vehiculos\/\"> Leer m\u00e1s<\/a>\n\n\t<div class=\"pt-12 lg:pt-14 border-b\"><\/div>\n\n<\/li><li class=\"post-thumb px-3\">\n\t\n\t<div class=\"hidden md:block\">\n\n\t\t<div class=\"hidden md:block mb-8 border entry-thumb ratio-425\">\n\t\t\n\t\t\t<div class=\"entry-thumb-background\">\n\t\t\t\t\n\t\t\t\t<div class=\"background-image\" style=\"background-image:url(https:\/\/bombuy.net\/wp-content\/uploads\/2022\/04\/FOTO-BLOG-1.jpeg);\"><\/div>\n\t\t\t<\/div>\n\n\t\t<\/div>\n\n\t<\/div>\n\n\t<h3 class=\"text-2xl mb-8 font-medium\">CENS ENFIT\u00c8UTIC<\/h3>\n\n\n\t<div class=\"mb-4\">\n\n\t\tQU\u00c8 \u00c9S? A Catalunya, el cens ha estat regulat en diferents normatives, la \u00faltima, els arts. 565-1 i ss del Codi Civil de&#8230;\t \t\n\t <\/div>\n\n\n\t<a class=\"underline mb-0 block\" href=\"https:\/\/bombuy.net\/es\/cens-enfiteutic\/\"> Leer m\u00e1s<\/a>\n\n\t<div class=\"pt-12 lg:pt-14 border-b\"><\/div>\n\n<\/li><li class=\"post-thumb px-3\">\n\t\n\t<div class=\"hidden md:block\">\n\n\t\t<div class=\"hidden md:block mb-8 border entry-thumb ratio-425\">\n\t\t\n\t\t\t<div class=\"entry-thumb-background\">\n\t\t\t\t\n\t\t\t\t<div class=\"background-image\" style=\"background-image:url(https:\/\/bombuy.net\/wp-content\/uploads\/2022\/04\/FOTO-BLOG-2.jpeg);\"><\/div>\n\t\t\t<\/div>\n\n\t\t<\/div>\n\n\t<\/div>\n\n\t<h3 class=\"text-2xl mb-8 font-medium\">LA SALA SOCIAL DEL TRIBUNAL SUPERIOR DE JUSTICIA DE CATALUNYA RECONOCE EL DERECHO AL SUBSIDIO PARA MAYORES DE 52 A\u00d1OS A UNA EMPLEADA DEL HOGAR<\/h3>\n\n\n\t<div class=\"mb-4\">\n\n\t\tHasta la fecha, la acci\u00f3n protectora regulada en el Sistema Especial de la Seguridad Social para Empleados del Hogar no comprende la&#8230;\t \t\n\t <\/div>\n\n\n\t<a class=\"underline mb-0 block\" href=\"https:\/\/bombuy.net\/es\/la-sala-social-del-tribunal-superior-de-justicia-de-catalunya-reconoce-el-derecho-al-subsidio-para-mayores-de-52-anos-a-una-empleada-del-hogar\/\"> Leer m\u00e1s<\/a>\n\n\t<div class=\"pt-12 lg:pt-14 border-b\"><\/div>\n\n<\/li>\n\t\t\t<\/ul>\n\n\t\t\n<\/div>\n\n\n","protected":false},"excerpt":{"rendered":"<p>La fidelidad de nuestros clientes nos avala<\/p>\n","protected":false},"author":1,"featured_media":0,"parent":0,"menu_order":0,"comment_status":"closed","ping_status":"closed","template":"","meta":[],"page_tag":[],"acf":[],"yoast_head":"<!-- This site is optimized with the Yoast SEO plugin v21.1 - https:\/\/yoast.com\/wordpress\/plugins\/seo\/ -->\n<title>Inicio - Bombuy\/AAC<\/title>\n<meta name=\"robots\" content=\"index, follow, max-snippet:-1, max-image-preview:large, max-video-preview:-1\" \/>\n<link rel=\"canonical\" href=\"https:\/\/bombuy.net\/es\/\" \/>\n<meta property=\"og:locale\" content=\"es_ES\" \/>\n<meta property=\"og:type\" content=\"article\" \/>\n<meta property=\"og:title\" content=\"Inicio - Bombuy\/AAC\" \/>\n<meta property=\"og:description\" content=\"La fidelidad de nuestros clientes nos avala\" \/>\n<meta property=\"og:url\" content=\"https:\/\/bombuy.net\/es\/\" \/>\n<meta property=\"og:site_name\" content=\"Bombuy\/AAC\" \/>\n<meta property=\"article:modified_time\" content=\"2022-07-27T10:31:37+00:00\" \/>\n<meta property=\"og:image\" content=\"http:\/\/bombuy.net\/wp-content\/uploads\/2022\/01\/BOMBUY-HIGHLIGHTS-IMG-01-1.jpg\" \/>\n<meta name=\"twitter:card\" content=\"summary_large_image\" \/>\n<meta name=\"twitter:label1\" content=\"Tiempo de lectura\" \/>\n\t<meta name=\"twitter:data1\" content=\"1 minuto\" \/>\n<script type=\"application\/ld+json\" class=\"yoast-schema-graph\">{\"@context\":\"https:\/\/schema.org\",\"@graph\":[{\"@type\":\"WebPage\",\"@id\":\"https:\/\/bombuy.net\/es\/\",\"url\":\"https:\/\/bombuy.net\/es\/\",\"name\":\"Inicio - Bombuy\/AAC\",\"isPartOf\":{\"@id\":\"https:\/\/bombuy.net\/es\/#website\"},\"datePublished\":\"2021-11-29T10:03:26+00:00\",\"dateModified\":\"2022-07-27T10:31:37+00:00\",\"breadcrumb\":{\"@id\":\"https:\/\/bombuy.net\/es\/#breadcrumb\"},\"inLanguage\":\"es\",\"potentialAction\":[{\"@type\":\"ReadAction\",\"target\":[\"https:\/\/bombuy.net\/es\/\"]}]},{\"@type\":\"BreadcrumbList\",\"@id\":\"https:\/\/bombuy.net\/es\/#breadcrumb\",\"itemListElement\":[{\"@type\":\"ListItem\",\"position\":1,\"name\":\"Inici\",\"item\":\"https:\/\/bombuy.net\/es\/\"},{\"@type\":\"ListItem\",\"position\":2,\"name\":\"Inicio\"}]},{\"@type\":\"WebSite\",\"@id\":\"https:\/\/bombuy.net\/es\/#website\",\"url\":\"https:\/\/bombuy.net\/es\/\",\"name\":\"Bombuy\/AAC\",\"description\":\"Advocats \u2014 Assessors \u2014 Consultors\",\"potentialAction\":[{\"@type\":\"SearchAction\",\"target\":{\"@type\":\"EntryPoint\",\"urlTemplate\":\"https:\/\/bombuy.net\/es\/?s={search_term_string}\"},\"query-input\":\"required name=search_term_string\"}],\"inLanguage\":\"es\"}]}<\/script>\n<!-- \/ Yoast SEO plugin. -->","yoast_head_json":{"title":"Inicio - Bombuy\/AAC","robots":{"index":"index","follow":"follow","max-snippet":"max-snippet:-1","max-image-preview":"max-image-preview:large","max-video-preview":"max-video-preview:-1"},"canonical":"https:\/\/bombuy.net\/es\/","og_locale":"es_ES","og_type":"article","og_title":"Inicio - Bombuy\/AAC","og_description":"La fidelidad de nuestros clientes nos avala","og_url":"https:\/\/bombuy.net\/es\/","og_site_name":"Bombuy\/AAC","article_modified_time":"2022-07-27T10:31:37+00:00","og_image":[{"url":"http:\/\/bombuy.net\/wp-content\/uploads\/2022\/01\/BOMBUY-HIGHLIGHTS-IMG-01-1.jpg"}],"twitter_card":"summary_large_image","twitter_misc":{"Tiempo de lectura":"1 minuto"},"schema":{"@context":"https:\/\/schema.org","@graph":[{"@type":"WebPage","@id":"https:\/\/bombuy.net\/es\/","url":"https:\/\/bombuy.net\/es\/","name":"Inicio - Bombuy\/AAC","isPartOf":{"@id":"https:\/\/bombuy.net\/es\/#website"},"datePublished":"2021-11-29T10:03:26+00:00","dateModified":"2022-07-27T10:31:37+00:00","breadcrumb":{"@id":"https:\/\/bombuy.net\/es\/#breadcrumb"},"inLanguage":"es","potentialAction":[{"@type":"ReadAction","target":["https:\/\/bombuy.net\/es\/"]}]},{"@type":"BreadcrumbList","@id":"https:\/\/bombuy.net\/es\/#breadcrumb","itemListElement":[{"@type":"ListItem","position":1,"name":"Inici","item":"https:\/\/bombuy.net\/es\/"},{"@type":"ListItem","position":2,"name":"Inicio"}]},{"@type":"WebSite","@id":"https:\/\/bombuy.net\/es\/#website","url":"https:\/\/bombuy.net\/es\/","name":"Bombuy\/AAC","description":"Advocats \u2014 Assessors \u2014 Consultors","potentialAction":[{"@type":"SearchAction","target":{"@type":"EntryPoint","urlTemplate":"https:\/\/bombuy.net\/es\/?s={search_term_string}"},"query-input":"required name=search_term_string"}],"inLanguage":"es"}]}},"_links":{"self":[{"href":"https:\/\/bombuy.net\/es\/wp-json\/wp\/v2\/pages\/528"}],"collection":[{"href":"https:\/\/bombuy.net\/es\/wp-json\/wp\/v2\/pages"}],"about":[{"href":"https:\/\/bombuy.net\/es\/wp-json\/wp\/v2\/types\/page"}],"author":[{"embeddable":true,"href":"https:\/\/bombuy.net\/es\/wp-json\/wp\/v2\/users\/1"}],"replies":[{"embeddable":true,"href":"https:\/\/bombuy.net\/es\/wp-json\/wp\/v2\/comments?post=528"}],"version-history":[{"count":7,"href":"https:\/\/bombuy.net\/es\/wp-json\/wp\/v2\/pages\/528\/revisions"}],"predecessor-version":[{"id":681,"href":"https:\/\/bombuy.net\/es\/wp-json\/wp\/v2\/pages\/528\/revisions\/681"}],"wp:attachment":[{"href":"https:\/\/bombuy.net\/es\/wp-json\/wp\/v2\/media?parent=528"}],"wp:term":[{"taxonomy":"page_tag","embeddable":true,"href":"https:\/\/bombuy.net\/es\/wp-json\/wp\/v2\/page_tag?post=528"}],"curies":[{"name":"wp","href":"https:\/\/api.w.org\/{rel}","templated":true}]}}